{"id":5481,"date":"2019-06-01T17:03:37","date_gmt":"2019-06-01T15:03:37","guid":{"rendered":"https:\/\/p511476.webspaceconfig.de\/?page_id=5481"},"modified":"2025-08-14T16:40:31","modified_gmt":"2025-08-14T14:40:31","slug":"imprint","status":"publish","type":"page","link":"https:\/\/www.kunsthalle-karlsruhe.de\/en\/imprint\/","title":{"rendered":"Imprint"},"content":{"rendered":"\n<section class=\"block block-copy\" style=\"text-align: left\" >\n    <div class=\"container-fluid\">\n        <div class=\"row\">\n                        <div class=\"col-xs-12 col-sm-8 col-sm-offset-2\">\n                <div class=\"box\">\n                    <div class=\"copy editor\"><h3>Publisher and Editor<\/h3>\n<p>Staatliche Kunsthalle Karlsruhe<br \/>\nHermann-Veit-Stra\u00dfe 6<br \/>\n76135 Karlsruhe<br \/>\nGermany<br \/>\nTelephone: +49721 20119-0<br \/>\nFax: +49721 20119 \u2013 110<br \/>\nMail: info@kunsthalle-karlsruhe.de<br \/>\nWeb: kunsthalle-karlsruhe.de<\/p>\n<h4>Managing director:<\/h4>\n<p>Prof. Dr. Fr\u00e9d\u00e9ric Bu\u00dfmann<\/p>\n<p>Sales tax identification number: DE 811 291 231<\/p>\n<p>Based on \u00a726 Landeshaushaltsordnung Baden-W\u00fcrttemberg (Land Budget Regulation) Staatliche Kunsthalle Karlsruhe is lead as Landesbetrieb (state service).<\/p>\n<p>Responsible according to \u00a7 18 Abs. 2 MStV: NN (Address as above)<\/p>\n<h3>Data protection officer<\/h3>\n<p>Thomas Stegemann<br \/>\ndacuro GmbH<br \/>\nHeinrich-Hertz-Stra\u00dfe 11<br \/>\n69190 Walldorf<br \/>\nMail: Datenschutz@kunsthalle-karlsruhe.de<\/p>\n<h3>Concept<\/h3>\n<p>Florian Trott and Tabea Schwarze, Staatliche Kunsthalle Karlsruhe<\/p>\n<h3>Editorial office<\/h3>\n<p>Tabea Schwarze and Lara Di Carlo<\/p>\n                        \n\n                        <\/div>\n                <\/div>\n            <\/div>\n        <\/div>\n    <\/div>\n<\/section>","protected":false},"excerpt":{"rendered":"","protected":false},"author":2,"featured_media":0,"parent":0,"menu_order":0,"comment_status":"closed","ping_status":"closed","template":"","meta":{"_acf_changed":false,"_seopress_robots_primary_cat":"","_seopress_titles_title":"","_seopress_titles_desc":"","_seopress_robots_index":"","footnotes":""},"class_list":["post-5481","page","type-page","status-publish","hentry"],"acf":[],"_links":{"self":[{"href":"https:\/\/www.kunsthalle-karlsruhe.de\/en\/wp-json\/wp\/v2\/pages\/5481","targetHints":{"allow":["GET"]}}],"collection":[{"href":"https:\/\/www.kunsthalle-karlsruhe.de\/en\/wp-json\/wp\/v2\/pages"}],"about":[{"href":"https:\/\/www.kunsthalle-karlsruhe.de\/en\/wp-json\/wp\/v2\/types\/page"}],"author":[{"embeddable":true,"href":"https:\/\/www.kunsthalle-karlsruhe.de\/en\/wp-json\/wp\/v2\/users\/2"}],"replies":[{"embeddable":true,"href":"https:\/\/www.kunsthalle-karlsruhe.de\/en\/wp-json\/wp\/v2\/comments?post=5481"}],"version-history":[{"count":4,"href":"https:\/\/www.kunsthalle-karlsruhe.de\/en\/wp-json\/wp\/v2\/pages\/5481\/revisions"}],"predecessor-version":[{"id":83145,"href":"https:\/\/www.kunsthalle-karlsruhe.de\/en\/wp-json\/wp\/v2\/pages\/5481\/revisions\/83145"}],"wp:attachment":[{"href":"https:\/\/www.kunsthalle-karlsruhe.de\/en\/wp-json\/wp\/v2\/media?parent=5481"}],"curies":[{"name":"wp","href":"https:\/\/api.w.org\/{rel}","templated":true}]}}