{"id":5622,"date":"2019-06-04T22:40:31","date_gmt":"2019-06-04T20:40:31","guid":{"rendered":"https:\/\/p511476.webspaceconfig.de\/?page_id=5622"},"modified":"2024-10-31T16:55:03","modified_gmt":"2024-10-31T15:55:03","slug":"restoration","status":"publish","type":"page","link":"https:\/\/www.kunsthalle-karlsruhe.de\/en\/collection\/restoration\/","title":{"rendered":"Restoration"},"content":{"rendered":"<section class=\"block block-media  block-media-medium\" >\n    \n            <div class=\"container-fluid\">\n            <div class=\"row center-xs\">\n                <div class=\"col-xs col-sm-6\">\n                    <div class=\"box play-container external-content-wrapper\">\n                        <div class=\"block-media-wrapper\">\n                            <div id=\"media_69f4ef2cec504\">\n                                                            <\/div>\n\n                            <div class=\"block-media-wrapper-content external-content-play-button\">\n                                <div class=\"container-fluid\">\n                                    <div class=\"row center-xs\">\n                                        <div class=\"col-xs text-align-left\">\n                                                                                            <h4>Restaurierung in der Kunsthalle Karlsruhe<\/h4>\n                                                                                                                                        <div class=\"partial play-button\">\n\t<div class=\"play-button-arrow\"><\/div>\n    <h6>Abspielen<\/h6>\n<\/div>\n                                                                                                                                    <\/div>\n                                    <\/div>\n                                <\/div>\n                            <\/div>\n                        <\/div>\n                    <\/div>\n                <\/div>\n            <\/div>\n        <\/div>\n            <\/section>\n\n\n<section class=\"block block-copy\" style=\"text-align: left\" >\n    <div class=\"container-fluid\">\n        <div class=\"row\">\n                        <div class=\"col-xs-12 col-sm-8 col-sm-offset-2\">\n                <div class=\"box\">\n                    <div class=\"copy editor\"><p>Der Bereich Restaurierung der Staatlichen Kunsthalle Karlsruhe erm\u00f6glicht es den Teil des musealen Auftrags zu erf\u00fcllen, der sich dem Bewahren widmet. Die Sammlung der Kunsthalle Karlsruhe umfasst\u00a0 circa 3.500 Werke aus acht Jahrhunderten. Damit diese auch den nachfolgenden Generationen erhalten bleiben, ist eine Konservierung und bei Bedarf Restaurierung nach den neusten wissenschaftlichen Erkenntnissen essentiell.<\/p>\n                        \n\n                        <\/div>\n                <\/div>\n            <\/div>\n        <\/div>\n    <\/div>\n<\/section>\n\n<section class=\"block block-copy-image\" >\n    <div class=\"container-fluid\">\n        <div class=\"row\">\n                            <div class=\"col-xs-12 col-sm-5 col-sm-offset-1\">\n                    <div class=\"box block-copy-image-copy\">\n                                                <div class=\"copy editor exception-align-left\"><p>Die Werke aus der Sammlung der Kunsthalle werden durch die restauratorischen Mitarbeiter*innen regelm\u00e4\u00dfig auf Ver\u00e4nderungen gepr\u00fcft und untersucht, so dass &#8211; wenn sich eine entsprechende Notwendigkeit ergibt &#8211; gehandelt werden kann. Auch die Werke, die aus der Kunsthalle an andere Ausstellungsh\u00e4user verliehen werden, werden hier im Vorfeld untersucht und auf die Reise vorbereitet. Die Lichteinstrahlung und Temperatur betreffende Vorgaben, die bei den jeweiligen Werken zu beachten sind, werden ebenfalls in der Restaurierung getroffen.<\/p>\n                            \n\n                            <\/div>\n                    <\/div>\n                <\/div>\n\n                <div class=\"col-xs-12 col-sm-6\">\n                    <div class=\"box\">\n                                            <\/div>\n                <\/div>\n                                <\/div>\n    <\/div>\n<\/section>\n\n\n<section class=\"block block-copy\" style=\"text-align: left\" >\n    <div class=\"container-fluid\">\n        <div class=\"row\">\n                        <div class=\"col-xs-12 col-sm-8 col-sm-offset-2\">\n                <div class=\"box\">\n                    <div class=\"copy editor\"><p>Dar\u00fcber hinausgehend, k\u00f6nnen durch restauratorische Untersuchungen auch kunsthistorische Erkenntnisse gewonnen werden. Ob Gem\u00e4lde oder einzelne Teile \u00fcbermalt wurden, um welche Materialien es sich konkret handelt und welche Restaurierungsma\u00dfnahmen vor Jahrzehnten oder Jahrhunderten bereits vorgenommen wurden, sind m\u00f6glich Fragestellungen.<\/p>\n                        \n\n                        <\/div>\n                <\/div>\n            <\/div>\n        <\/div>\n    <\/div>\n<\/section>","protected":false},"excerpt":{"rendered":"<p>The restoration of the Kunsthalle Karlsruhe secures 3,500 works and 90,000 works on paper for the future!<\/p>\n","protected":false},"author":2,"featured_media":8221,"parent":5464,"menu_order":0,"comment_status":"closed","ping_status":"closed","template":"","meta":{"_acf_changed":false,"_seopress_robots_primary_cat":"","_seopress_titles_title":"","_seopress_titles_desc":"","_seopress_robots_index":"","footnotes":""},"class_list":["post-5622","page","type-page","status-publish","has-post-thumbnail","hentry"],"acf":[],"_links":{"self":[{"href":"https:\/\/www.kunsthalle-karlsruhe.de\/en\/wp-json\/wp\/v2\/pages\/5622","targetHints":{"allow":["GET"]}}],"collection":[{"href":"https:\/\/www.kunsthalle-karlsruhe.de\/en\/wp-json\/wp\/v2\/pages"}],"about":[{"href":"https:\/\/www.kunsthalle-karlsruhe.de\/en\/wp-json\/wp\/v2\/types\/page"}],"author":[{"embeddable":true,"href":"https:\/\/www.kunsthalle-karlsruhe.de\/en\/wp-json\/wp\/v2\/users\/2"}],"replies":[{"embeddable":true,"href":"https:\/\/www.kunsthalle-karlsruhe.de\/en\/wp-json\/wp\/v2\/comments?post=5622"}],"version-history":[{"count":1,"href":"https:\/\/www.kunsthalle-karlsruhe.de\/en\/wp-json\/wp\/v2\/pages\/5622\/revisions"}],"predecessor-version":[{"id":75048,"href":"https:\/\/www.kunsthalle-karlsruhe.de\/en\/wp-json\/wp\/v2\/pages\/5622\/revisions\/75048"}],"up":[{"embeddable":true,"href":"https:\/\/www.kunsthalle-karlsruhe.de\/en\/wp-json\/wp\/v2\/pages\/5464"}],"wp:featuredmedia":[{"embeddable":true,"href":"https:\/\/www.kunsthalle-karlsruhe.de\/en\/wp-json\/wp\/v2\/media\/8221"}],"wp:attachment":[{"href":"https:\/\/www.kunsthalle-karlsruhe.de\/en\/wp-json\/wp\/v2\/media?parent=5622"}],"curies":[{"name":"wp","href":"https:\/\/api.w.org\/{rel}","templated":true}]}}