{"id":5465,"date":"2019-01-29T18:08:12","date_gmt":"2019-01-29T17:08:12","guid":{"rendered":"https:\/\/p511476.webspaceconfig.de\/?page_id=5465"},"modified":"2026-03-30T16:38:35","modified_gmt":"2026-03-30T14:38:35","slug":"sammlung","status":"publish","type":"page","link":"https:\/\/www.kunsthalle-karlsruhe.de\/fr\/sammlung\/","title":{"rendered":"Collection"},"content":{"rendered":"\n<section class=\"block block-header-collection\">\n    <div class=\"block-header-collection-wrapper\">\n        <div class=\"block-header-collection-image\" id=\"media_69e242b258c85\">\n            <img decoding=\"async\" src=\"https:\/\/www.kunsthalle-karlsruhe.de\/wp-content\/uploads\/2019\/07\/kunsthallekarlsruhe-sammlung-achtjahrhunderte-i.jpg\" \/>\n        <\/div>\n\n        <div class=\"block-header-collection-wrapper-content\">\n            <div class=\"container-fluid\">\n                <div class=\"row center-xs\">\n                    <div class=\"col-xs col-sm-8 text-align-center\">\n                                                    <h1  class=\"h1\" >800 ans d&#8217;histoire de l&#8217;art<\/h1>                        \n                                                    <p class=\"editor\"><p>Bienvenue dans la collection num\u00e9rique de la Kunsthalle de Karlsruhe ! Ce mus\u00e9e virtuel vous propose de d\u00e9couvrir huit cents ans d\u2019histoire de l\u2019art et de nombreux d\u00e9tails in\u00e9dits.<\/p>\n<p>Veuillez noter que la fonctionnalit\u00e9 de recherche compl\u00e8te de la collection en ligne est actuellement uniquement disponible avec des termes allemands. N\u2019h\u00e9sitez pas \u00e0 nous contacter \u00e0 l\u2019adresse digital@kunsthalle-karlsruhe.de si vous avez besoin d\u2019aide dans vos recherches.<\/p>\n<\/p>\n                                            <\/div>\n                <\/div>\n            <\/div>\n        <\/div>\n    <\/div>\n<\/section>\n\n<section class=\"block block-search block-collection-search\" role=\"search\"  data-start-with-masters=\"0\">\n    <form id=\"sform\" autocomplete=\"off\" method=\"GET\" action=\"https:\/\/www.kunsthalle-karlsruhe.de\/sammlung\/alle-werke\/\"#sform>\n        <div class=\"container-fluid search-input-box\">\n            <div class=\"row\">\n                <div class=\"col-xs-12\">\n                    <div class=\"box\">\n                                                <input name=\"m\" class=\"\" placeholder=\"in der Sammlung suchen\" data-bind=\"value: site.CollectionSearch.q, valueUpdate: 'keyup', attr: {'placeholder': (!site.CollectionSearch.qq.length ? 'in der Sammlung suchen' : site.CollectionSearch.items.length ? 'Suchergebnis verfeinern' : 'Neue Suche') ,'data-filled': (site.CollectionSearch.q.length == 0 ? 0 : 1)}\" type=\"text\" aria-controls=\"searchresults\" data-placeholder-typewriter='[]' \/>\n\n                                                <a class=\"mixin-motion-link icon-search nohover\" role=\"button\" alt=\"Suche starten\" data-src=\"\/assets\/icons\/suche.json\" data-hover-out=\"1\" onclick=\"$('#sform').submit()\"><\/a>\n                    <\/div>\n                <\/div>\n            <\/div>\n        <\/div>\n                    <\/form>\n\n    <\/section>\n\n\n<div class=\"block-teaser-home block-gallery-collection\">\n    <div class=\"block-teaser-home-wrapper text-align-center\">\n\n        <a href=\"https:\/\/www.kunsthalle-karlsruhe.de\/gallery\/?view=Wzg1ODcsODU4OSw4NTkxLDg1OTMsODU5N10%3D\">\n\n        <div class=\"block-gallery-collection-gallery\">\n                                 <div class=\"block-gallery-collection-gallery-item\">\n                     \t<div class=\"lazy-media\" id=\"media_69e242b25b554\">\n\t\t<div class=\"lazy-media-wrapper\">\n\t\t\t<div class=\"lazy-media-copyright\">\n\t\t\t\t<div class=\"lazy-media-copyright-content\">\n\t\t\t\t\t\t\t\t\t\t\t<span class=\"lazy-media-copyright-content-empty\" aria-hidden=\"true\" style=\"pointer-events: none; user-select: none;\">&nbsp;<\/span>\n\t\t\t\t\t\t\t\t\t<\/div>\n\t\t\t<\/div>\n\n\t\t\t<div class=\"height-container\"  style=\"padding-bottom:29.84375%;\">\n\t\t\t\t<script type=\"application\/json\" class=\"lazy-media-data\">\n\t\t\t\t{\n\t\t\t\t\"sizes\" : {\"thumbnail\":{\"file\":\"kunsthallekarlsruhe-ausstellungen-hansbaldunggrien-markgrafentafel-karlsruhe-150x45.jpg\",\"width\":150,\"height\":45,\"mime-type\":\"image\\\/jpeg\"},\"medium\":{\"file\":\"kunsthallekarlsruhe-ausstellungen-hansbaldunggrien-markgrafentafel-karlsruhe-300x90.jpg\",\"width\":300,\"height\":90,\"mime-type\":\"image\\\/jpeg\"},\"medium_large\":{\"file\":\"kunsthallekarlsruhe-ausstellungen-hansbaldunggrien-markgrafentafel-karlsruhe-768x229.jpg\",\"width\":768,\"height\":229,\"mime-type\":\"image\\\/jpeg\"},\"large\":{\"file\":\"kunsthallekarlsruhe-ausstellungen-hansbaldunggrien-markgrafentafel-karlsruhe-1024x306.jpg\",\"width\":1024,\"height\":306,\"mime-type\":\"image\\\/jpeg\"},\"mobile\":{\"file\":\"kunsthallekarlsruhe-ausstellungen-hansbaldunggrien-markgrafentafel-karlsruhe-720x215.jpg\",\"width\":720,\"height\":215,\"mime-type\":\"image\\\/jpeg\"},\"hd\":{\"file\":\"kunsthallekarlsruhe-ausstellungen-hansbaldunggrien-markgrafentafel-karlsruhe-1280x382.jpg\",\"width\":1280,\"height\":382,\"mime-type\":\"image\\\/jpeg\"},\"full\":{\"file\":\"kunsthallekarlsruhe-ausstellungen-hansbaldunggrien-markgrafentafel-karlsruhe-1920x573.jpg\",\"width\":1920,\"height\":573,\"mime-type\":\"image\\\/jpeg\"},\"original\":{\"file\":\"kunsthallekarlsruhe-ausstellungen-hansbaldunggrien-markgrafentafel-karlsruhe.jpg\",\"width\":1920,\"height\":573}},\n\t\t\t\t\"path\" : \"\/wp-content\/uploads\/2019\/02\/\",\n\t\t\t\t\"video\" : \"\",\n\t\t\t\t\"autoplay\" : \"\",\n\t\t\t\t\"youtube\" : \"\"\n\t\t\t\t}\n\t\t\t\t<\/script>\n\n\t\t\t\t<div class=\"image-wrapper\" id=\"image_69e242b25b556\">\n\t\t\t\t\t<img decoding=\"async\" src=\"\" alt=\"Abbildung der Markgrafentafel des K&uuml;nstlers Hans Baldung Grien. Es zeigt mittig die Heilige Familie. Rechts eine Personengruppe von Frauen. Links die Familie des Markgrafen. \" title=\"Hans Baldung Grien: Markgraf Christoph I. von Baden mit seiner Familie in Anbetung vor der Heiligen Anna Selbdritt, um 1510\" \/>\n\t\t\t\t\t<noscript>\n\t\t\t\t\t\t<img decoding=\"async\" src=\"\/wp-content\/uploads\/2019\/02\/kunsthallekarlsruhe-ausstellungen-hansbaldunggrien-markgrafentafel-karlsruhe.jpg\" alt=\"Abbildung der Markgrafentafel des K&uuml;nstlers Hans Baldung Grien. Es zeigt mittig die Heilige Familie. Rechts eine Personengruppe von Frauen. Links die Familie des Markgrafen. \" title=\"Hans Baldung Grien: Markgraf Christoph I. von Baden mit seiner Familie in Anbetung vor der Heiligen Anna Selbdritt, um 1510\" \/>\n\t\t\t\t\t<\/noscript>\n\n\t\t\t\t\t\t\t\t\t<\/div>\n\n\t\t\t\t\t\t\t<\/div>\n\n\t\t\t\n\t\t\t\t\t<\/div>\n\t<\/div>\n\n                     <\/div>\n                                      <div class=\"block-gallery-collection-gallery-item\">\n                     \t<div class=\"lazy-media\" id=\"media_69e242b25b739\">\n\t\t<div class=\"lazy-media-wrapper\">\n\t\t\t<div class=\"lazy-media-copyright\">\n\t\t\t\t<div class=\"lazy-media-copyright-content\">\n\t\t\t\t\t\t\t\t\t\t\t<span class=\"lazy-media-copyright-content-empty\" aria-hidden=\"true\" style=\"pointer-events: none; user-select: none;\">&nbsp;<\/span>\n\t\t\t\t\t\t\t\t\t<\/div>\n\t\t\t<\/div>\n\n\t\t\t<div class=\"height-container\"  style=\"padding-bottom:122.13740458015%;\">\n\t\t\t\t<script type=\"application\/json\" class=\"lazy-media-data\">\n\t\t\t\t{\n\t\t\t\t\"sizes\" : {\"thumbnail\":{\"file\":\"kunsthallekarlsruhe-ausstellungen-hansbaldunggrien-ungleichesliebespaar-123x150.jpg\",\"width\":123,\"height\":150,\"mime-type\":\"image\\\/jpeg\"},\"medium\":{\"file\":\"kunsthallekarlsruhe-ausstellungen-hansbaldunggrien-ungleichesliebespaar-246x300.jpg\",\"width\":246,\"height\":300,\"mime-type\":\"image\\\/jpeg\"},\"medium_large\":{\"file\":\"kunsthallekarlsruhe-ausstellungen-hansbaldunggrien-ungleichesliebespaar-768x938.jpg\",\"width\":768,\"height\":938,\"mime-type\":\"image\\\/jpeg\"},\"large\":{\"file\":\"kunsthallekarlsruhe-ausstellungen-hansbaldunggrien-ungleichesliebespaar-838x1024.jpg\",\"width\":838,\"height\":1024,\"mime-type\":\"image\\\/jpeg\"},\"mobile\":{\"file\":\"kunsthallekarlsruhe-ausstellungen-hansbaldunggrien-ungleichesliebespaar-590x720.jpg\",\"width\":590,\"height\":720,\"mime-type\":\"image\\\/jpeg\"},\"hd\":{\"file\":\"kunsthallekarlsruhe-ausstellungen-hansbaldunggrien-ungleichesliebespaar-1048x1280.jpg\",\"width\":1048,\"height\":1280,\"mime-type\":\"image\\\/jpeg\"},\"full\":{\"file\":\"kunsthallekarlsruhe-ausstellungen-hansbaldunggrien-ungleichesliebespaar-1572x1920.jpg\",\"width\":1572,\"height\":1920,\"mime-type\":\"image\\\/jpeg\"},\"original\":{\"file\":\"kunsthallekarlsruhe-ausstellungen-hansbaldunggrien-ungleichesliebespaar.jpg\",\"width\":1572,\"height\":1920}},\n\t\t\t\t\"path\" : \"\/wp-content\/uploads\/2019\/02\/\",\n\t\t\t\t\"video\" : \"\",\n\t\t\t\t\"autoplay\" : \"\",\n\t\t\t\t\"youtube\" : \"\"\n\t\t\t\t}\n\t\t\t\t<\/script>\n\n\t\t\t\t<div class=\"image-wrapper\" id=\"image_69e242b25b73a\">\n\t\t\t\t\t<img decoding=\"async\" src=\"\" alt=\"Eine junge Frau sitzt und hat Geldm&uuml;nzen in ihrer Sch&uuml;rze. Links sitzt ein alter Mann und legt seine Hand um die Frau. \" title=\"Hans Baldung Grien: Ungleiches Liebespaar, 1528\" \/>\n\t\t\t\t\t<noscript>\n\t\t\t\t\t\t<img decoding=\"async\" src=\"\/wp-content\/uploads\/2019\/02\/kunsthallekarlsruhe-ausstellungen-hansbaldunggrien-ungleichesliebespaar.jpg\" alt=\"Eine junge Frau sitzt und hat Geldm&uuml;nzen in ihrer Sch&uuml;rze. Links sitzt ein alter Mann und legt seine Hand um die Frau. \" title=\"Hans Baldung Grien: Ungleiches Liebespaar, 1528\" \/>\n\t\t\t\t\t<\/noscript>\n\n\t\t\t\t\t\t\t\t\t<\/div>\n\n\t\t\t\t\t\t\t<\/div>\n\n\t\t\t\n\t\t\t\t\t<\/div>\n\t<\/div>\n\n                     <\/div>\n                         <\/div>\n\n\t\t\n                    <h5 class=\"h5-large margin-sixteenth-top\">Avant-premi\u00e8re Hans Baldung Grien. Sacr\u00e9 | Profane<\/h5>\n                            <div class=\"mediumlines editor\"><p>D\u00e9couvrez en avant-premi\u00e8re quelques-unes des principales \u0153uvres du grand artiste de la Renaissance conserv\u00e9es \u00e0 la Kunsthalle Karlsruhe.<\/p>\n<\/div>\n                <\/a>\n    <\/div>\n<\/div>\n\n\n<div class=\"block-teaser-home block-gallery-collection\">\n    <div class=\"block-teaser-home-wrapper text-align-center\">\n\n        <a href=\"https:\/\/www.kunsthalle-karlsruhe.de\/gallery\/?view=Wzg2MDIsODYwOCw4NjExXQ%3D%3D\">\n\n        <div class=\"block-gallery-collection-gallery\">\n                                 <div class=\"block-gallery-collection-gallery-item\">\n                     \t<div class=\"lazy-media\" id=\"media_69e242b25c9d4\">\n\t\t<div class=\"lazy-media-wrapper\">\n\t\t\t<div class=\"lazy-media-copyright\">\n\t\t\t\t<div class=\"lazy-media-copyright-content\">\n\t\t\t\t\t\t\t\t\t\t\t\u00a9 VG Bild-Kunst \t\t\t\t\t\t\t\t\t<\/div>\n\t\t\t<\/div>\n\n\t\t\t<div class=\"height-container\"  style=\"padding-bottom:115.17696460708%;\">\n\t\t\t\t<script type=\"application\/json\" class=\"lazy-media-data\">\n\t\t\t\t{\n\t\t\t\t\"sizes\" : {\"thumbnail\":{\"file\":\"kunsthallekarlsruhe-sammlung-hofer-130x150.jpg\",\"width\":130,\"height\":150,\"mime-type\":\"image\\\/jpeg\"},\"medium\":{\"file\":\"kunsthallekarlsruhe-sammlung-hofer-260x300.jpg\",\"width\":260,\"height\":300,\"mime-type\":\"image\\\/jpeg\"},\"medium_large\":{\"file\":\"kunsthallekarlsruhe-sammlung-hofer-768x885.jpg\",\"width\":768,\"height\":885,\"mime-type\":\"image\\\/jpeg\"},\"large\":{\"file\":\"kunsthallekarlsruhe-sammlung-hofer-889x1024.jpg\",\"width\":889,\"height\":1024,\"mime-type\":\"image\\\/jpeg\"},\"mobile\":{\"file\":\"kunsthallekarlsruhe-sammlung-hofer-625x720.jpg\",\"width\":625,\"height\":720,\"mime-type\":\"image\\\/jpeg\"},\"hd\":{\"file\":\"kunsthallekarlsruhe-sammlung-hofer-1111x1280.jpg\",\"width\":1111,\"height\":1280,\"mime-type\":\"image\\\/jpeg\"},\"full\":{\"file\":\"kunsthallekarlsruhe-sammlung-hofer-1667x1920.jpg\",\"width\":1667,\"height\":1920,\"mime-type\":\"image\\\/jpeg\"},\"original\":{\"file\":\"kunsthallekarlsruhe-sammlung-hofer.jpg\",\"width\":1667,\"height\":1920}},\n\t\t\t\t\"path\" : \"\/wp-content\/uploads\/2019\/07\/\",\n\t\t\t\t\"video\" : \"\",\n\t\t\t\t\"autoplay\" : \"\",\n\t\t\t\t\"youtube\" : \"\"\n\t\t\t\t}\n\t\t\t\t<\/script>\n\n\t\t\t\t<div class=\"image-wrapper\" id=\"image_69e242b25c9d5\">\n\t\t\t\t\t<img decoding=\"async\" src=\"\" alt=\"Abbildung von Karl Hofers Selbstbildnis mit D&auml;monen\" title=\"Karl Hofer: Selbstbildnis mit D&auml;monen, 1878\" \/>\n\t\t\t\t\t<noscript>\n\t\t\t\t\t\t<img decoding=\"async\" src=\"\/wp-content\/uploads\/2019\/07\/kunsthallekarlsruhe-sammlung-hofer.jpg\" alt=\"Abbildung von Karl Hofers Selbstbildnis mit D&auml;monen\" title=\"Karl Hofer: Selbstbildnis mit D&auml;monen, 1878\" \/>\n\t\t\t\t\t<\/noscript>\n\n\t\t\t\t\t\t\t\t\t<\/div>\n\n\t\t\t\t\t\t\t<\/div>\n\n\t\t\t\n\t\t\t\t\t<\/div>\n\t<\/div>\n\n                     <\/div>\n                                      <div class=\"block-gallery-collection-gallery-item\">\n                     \t<div class=\"lazy-media\" id=\"media_69e242b25cb5b\">\n\t\t<div class=\"lazy-media-wrapper\">\n\t\t\t<div class=\"lazy-media-copyright\">\n\t\t\t\t<div class=\"lazy-media-copyright-content\">\n\t\t\t\t\t\t\t\t\t\t\t<span class=\"lazy-media-copyright-content-empty\" aria-hidden=\"true\" style=\"pointer-events: none; user-select: none;\">&nbsp;<\/span>\n\t\t\t\t\t\t\t\t\t<\/div>\n\t\t\t<\/div>\n\n\t\t\t<div class=\"height-container\"  style=\"padding-bottom:450.06877579092%;\">\n\t\t\t\t<script type=\"application\/json\" class=\"lazy-media-data\">\n\t\t\t\t{\n\t\t\t\t\"sizes\" : {\"thumbnail\":{\"file\":\"kunsthallekarlsruhe-sammlung-messkirchii-1-33x150.jpg\",\"width\":33,\"height\":150,\"mime-type\":\"image\\\/jpeg\"},\"medium\":{\"file\":\"kunsthallekarlsruhe-sammlung-messkirchii-1-67x300.jpg\",\"width\":67,\"height\":300,\"mime-type\":\"image\\\/jpeg\"},\"large\":{\"file\":\"kunsthallekarlsruhe-sammlung-messkirchii-1-228x1024.jpg\",\"width\":228,\"height\":1024,\"mime-type\":\"image\\\/jpeg\"},\"mobile\":{\"file\":\"kunsthallekarlsruhe-sammlung-messkirchii-1-160x720.jpg\",\"width\":160,\"height\":720,\"mime-type\":\"image\\\/jpeg\"},\"hd\":{\"file\":\"kunsthallekarlsruhe-sammlung-messkirchii-1-284x1280.jpg\",\"width\":284,\"height\":1280,\"mime-type\":\"image\\\/jpeg\"},\"full\":{\"file\":\"kunsthallekarlsruhe-sammlung-messkirchii-1-427x1920.jpg\",\"width\":427,\"height\":1920,\"mime-type\":\"image\\\/jpeg\"},\"original\":{\"file\":\"kunsthallekarlsruhe-sammlung-messkirchii-1.jpg\",\"width\":727,\"height\":3272}},\n\t\t\t\t\"path\" : \"\/wp-content\/uploads\/2019\/07\/\",\n\t\t\t\t\"video\" : \"\",\n\t\t\t\t\"autoplay\" : \"\",\n\t\t\t\t\"youtube\" : \"\"\n\t\t\t\t}\n\t\t\t\t<\/script>\n\n\t\t\t\t<div class=\"image-wrapper\" id=\"image_69e242b25cb5c\">\n\t\t\t\t\t<img decoding=\"async\" src=\"\" alt=\"Abbildung des Gem&auml;ldes Die heilige Maria Magdalena des Meisters von Me&szlig;kirch\" title=\"Meister von Me&szlig;kirch: Die heilige Maria Magdalena, um 1538\" \/>\n\t\t\t\t\t<noscript>\n\t\t\t\t\t\t<img decoding=\"async\" src=\"\/wp-content\/uploads\/2019\/07\/kunsthallekarlsruhe-sammlung-messkirchii-1.jpg\" alt=\"Abbildung des Gem&auml;ldes Die heilige Maria Magdalena des Meisters von Me&szlig;kirch\" title=\"Meister von Me&szlig;kirch: Die heilige Maria Magdalena, um 1538\" \/>\n\t\t\t\t\t<\/noscript>\n\n\t\t\t\t\t\t\t\t\t<\/div>\n\n\t\t\t\t\t\t\t<\/div>\n\n\t\t\t\n\t\t\t\t\t<\/div>\n\t<\/div>\n\n                     <\/div>\n                         <\/div>\n\n\t\t\n                    <h5 class=\"h5-large margin-sixteenth-top\">Nouvelles acquisitions <\/h5>\n                            <div class=\"mediumlines editor\"><p>\u0152uvres r\u00e9cemment acquises gr\u00e2ce au soutien de Fondations r\u00e9gionales et nationales (Museumsstiftung Baden-W\u00fcrttemberg, Kulturstiftung der L\u00e4nder).<\/p>\n<\/div>\n                <\/a>\n    <\/div>\n<\/div>\n\n\n<style>\n    #bma_69e242b25d759:before {\n        background-color: #ffe7a9    }\n<\/style>\n<section class=\"block block-my-artwork normal-color\" data-lighness=\"212\" id=\"bma_69e242b25d759\"  id='bma_69e242b25d759' data-anchor='bma_69e242b25d759'>\n    <div class=\"container-fluid\">\n        <div class=\"row\">\n            <div class=\"col-sm-1\">\n                <div class=\"text-vertical\"><\/div>\n            <\/div>\n            <div class=\"col-xs-12 col-sm-10\">\n                <div class=\"row\">\n                    <div class=\"col-xs-12 col-sm-10 col-sm-offset-1 text-align-center editor\">\n                        <h4  >#Lieblingswerke &#8211; les favoris<\/h4>                        <p class=\"p1\">Samuel van Hoogstraten: Augenbetr\u00fcger-Stilleben, 1626<\/p>\n                                                    <figure class=\"person\">\n                                <img decoding=\"async\" src=\"https:\/\/www.kunsthalle-karlsruhe.de\/wp-content\/uploads\/2019\/04\/trott.jpg\" alt=\"\" \/>\n                                <figcaption>Florian Trott, Directeur commercial<\/figcaption>\n                            <\/figure>\n                                            <\/div>\n                <\/div>\n                <figure class=\"artwork\">\n                                            \t<div class=\"lazy-media\" id=\"media_69e242b25da18\">\n\t\t<div class=\"lazy-media-wrapper\">\n\t\t\t<div class=\"lazy-media-copyright\">\n\t\t\t\t<div class=\"lazy-media-copyright-content\">\n\t\t\t\t\t\t\t\t\t\t\t<span class=\"lazy-media-copyright-content-empty\" aria-hidden=\"true\" style=\"pointer-events: none; user-select: none;\">&nbsp;<\/span>\n\t\t\t\t\t\t\t\t\t<\/div>\n\t\t\t<\/div>\n\n\t\t\t<div class=\"height-container\"  style=\"padding-bottom:82.3828125%;\">\n\t\t\t\t<script type=\"application\/json\" class=\"lazy-media-data\">\n\t\t\t\t{\n\t\t\t\t\"sizes\" : {\"medium\":{\"file\":\"2620_Hoogstraten-1-300x247.jpg\",\"width\":300,\"height\":247,\"mime-type\":\"image\\\/jpeg\",\"filesize\":60468},\"large\":{\"file\":\"2620_Hoogstraten-1-1024x844.jpg\",\"width\":1024,\"height\":844,\"mime-type\":\"image\\\/jpeg\",\"filesize\":567869},\"thumbnail\":{\"file\":\"2620_Hoogstraten-1-150x124.jpg\",\"width\":150,\"height\":124,\"mime-type\":\"image\\\/jpeg\",\"filesize\":17707},\"medium_large\":{\"file\":\"2620_Hoogstraten-1-768x633.jpg\",\"width\":768,\"height\":633,\"mime-type\":\"image\\\/jpeg\",\"filesize\":333386},\"mobile\":{\"file\":\"2620_Hoogstraten-1-720x593.jpg\",\"width\":720,\"height\":593,\"mime-type\":\"image\\\/jpeg\",\"filesize\":296738},\"hd\":{\"file\":\"2620_Hoogstraten-1-1280x1054.jpg\",\"width\":1280,\"height\":1054,\"mime-type\":\"image\\\/jpeg\",\"filesize\":845191},\"full\":{\"file\":\"2620_Hoogstraten-1-1920x1582.jpg\",\"width\":1920,\"height\":1582,\"mime-type\":\"image\\\/jpeg\",\"filesize\":1693047},\"1536x1536\":{\"file\":\"2620_Hoogstraten-1-1536x1265.jpg\",\"width\":1536,\"height\":1265,\"mime-type\":\"image\\\/jpeg\",\"filesize\":1158627},\"2048x2048\":{\"file\":\"2620_Hoogstraten-1-2048x1687.jpg\",\"width\":2048,\"height\":1687,\"mime-type\":\"image\\\/jpeg\",\"filesize\":1889114},\"original\":{\"file\":\"2620_Hoogstraten-1-scaled.jpg\",\"width\":2560,\"height\":2109}},\n\t\t\t\t\"path\" : \"\/wp-content\/uploads\/2019\/04\/\",\n\t\t\t\t\"video\" : \"\",\n\t\t\t\t\"autoplay\" : \"\",\n\t\t\t\t\"youtube\" : \"\"\n\t\t\t\t}\n\t\t\t\t<\/script>\n\n\t\t\t\t<div class=\"image-wrapper\" id=\"image_69e242b25da19\">\n\t\t\t\t\t<img decoding=\"async\" src=\"\" alt=\"Das Gem&auml;lde zeigt eine Tafel an der viele unterschiedliche Gegenst&auml;nde mit einem Lederband befestigt sind.\" title=\"Samuel van Hoogstraten\" \/>\n\t\t\t\t\t<noscript>\n\t\t\t\t\t\t<img decoding=\"async\" src=\"\/wp-content\/uploads\/2019\/04\/2620_Hoogstraten-1-scaled.jpg\" alt=\"Das Gem&auml;lde zeigt eine Tafel an der viele unterschiedliche Gegenst&auml;nde mit einem Lederband befestigt sind.\" title=\"Samuel van Hoogstraten\" \/>\n\t\t\t\t\t<\/noscript>\n\n\t\t\t\t\t\t\t\t\t<\/div>\n\n\t\t\t\t\t\t\t<\/div>\n\n\t\t\t\n\t\t\t\t\t<\/div>\n\t<\/div>\n\n                        <a href=\"https:\/\/www.kunsthalle-karlsruhe.de\/kunstwerke\/Samuel-van-Hoogstraten\/Augenbetr\u00fcger-Stillleben\/7E188C0D4A13428E45F17997100FAB44\/\" class=\"mixin-motion-link\" data-src=\"\/blocks\/block-copy-floating-image\/assets\/lupe_neg.json\" data-hover-out=\"1\"><\/a>\n                                        <figcaption><\/figcaption>\n                <\/figure>\n            <\/div>\n        <\/div>\n    <\/div>\n<\/section>\n\n<section class=\"block block-buttons noprint\" >\n    <div class=\"container-fluid\">\n                    <div class=\"row center-xs\">\n                <div class=\"col-xs-12 col-sm-10\">\n                    <div class=\"box\">\n                        <h3  >Que souhaitez-vous faire maintenant ?<\/h3>                    <\/div>\n                <\/div>\n            <\/div>\n                <div class=\"row center-xs\">\n            <div class=\"col-xs-12\">\n                <div class=\"box\">\n                                <div>\n                <a href=\"https:\/\/www.kunsthalle-karlsruhe.de\/alle-werke\/\" title=\"Toutes les \u0153uvres\" class=\"button standard   \" target=\"_self\" >\n                                        <span>Toutes les \u0153uvres<\/span>\n                <\/a>\n                <\/div>\n                <div>\n                <a href=\"https:\/\/www.kunsthalle-karlsruhe.de\/fr\/visite\/\" title=\"Pr\u00e9parez votre visite\" class=\"button standard   \" target=\"_self\" >\n                                        <span>Pr\u00e9parez votre visite<\/span>\n                <\/a>\n                <\/div>\n                <div>\n                <a href=\"https:\/\/www.kunsthalle-karlsruhe.de\/fr\/digital-2\/\" title=\"Kuntshalle num\u00e9rique\" class=\"button standard   \" target=\"_self\" >\n                                        <span>Kuntshalle num\u00e9rique<\/span>\n                <\/a>\n                <\/div>\n    \n\n                    <\/div>\n            <\/div>\n                    <\/div>\n    <\/div>\n<\/section>\n\n","protected":false},"excerpt":{"rendered":"<p>Bienvenue dans la collection num\u00e9rique \u2013 d\u00e9couvrez 800 ans d&#8217;histoire de l&#8217;art!<\/p>\n","protected":false},"author":1,"featured_media":9032,"parent":0,"menu_order":0,"comment_status":"closed","ping_status":"closed","template":"","meta":{"_acf_changed":false,"_seopress_robots_primary_cat":"","_seopress_titles_title":"","_seopress_titles_desc":"","_seopress_robots_index":"","footnotes":""},"class_list":["post-5465","page","type-page","status-publish","has-post-thumbnail","hentry"],"acf":[],"_links":{"self":[{"href":"https:\/\/www.kunsthalle-karlsruhe.de\/fr\/wp-json\/wp\/v2\/pages\/5465","targetHints":{"allow":["GET"]}}],"collection":[{"href":"https:\/\/www.kunsthalle-karlsruhe.de\/fr\/wp-json\/wp\/v2\/pages"}],"about":[{"href":"https:\/\/www.kunsthalle-karlsruhe.de\/fr\/wp-json\/wp\/v2\/types\/page"}],"author":[{"embeddable":true,"href":"https:\/\/www.kunsthalle-karlsruhe.de\/fr\/wp-json\/wp\/v2\/users\/1"}],"replies":[{"embeddable":true,"href":"https:\/\/www.kunsthalle-karlsruhe.de\/fr\/wp-json\/wp\/v2\/comments?post=5465"}],"version-history":[{"count":4,"href":"https:\/\/www.kunsthalle-karlsruhe.de\/fr\/wp-json\/wp\/v2\/pages\/5465\/revisions"}],"predecessor-version":[{"id":90405,"href":"https:\/\/www.kunsthalle-karlsruhe.de\/fr\/wp-json\/wp\/v2\/pages\/5465\/revisions\/90405"}],"wp:featuredmedia":[{"embeddable":true,"href":"https:\/\/www.kunsthalle-karlsruhe.de\/fr\/wp-json\/wp\/v2\/media\/9032"}],"wp:attachment":[{"href":"https:\/\/www.kunsthalle-karlsruhe.de\/fr\/wp-json\/wp\/v2\/media?parent=5465"}],"curies":[{"name":"wp","href":"https:\/\/api.w.org\/{rel}","templated":true}]}}