{"id":79225,"date":"2025-04-15T20:07:06","date_gmt":"2025-04-15T18:07:06","guid":{"rendered":"https:\/\/www.kunsthalle-karlsruhe.de\/?page_id=79225"},"modified":"2025-10-09T15:28:51","modified_gmt":"2025-10-09T13:28:51","slug":"revisions","status":"publish","type":"page","link":"https:\/\/www.kunsthalle-karlsruhe.de\/fr\/revisions\/","title":{"rendered":"revisions"},"content":{"rendered":"\n<section class=\"block block-copy\" style=\"text-align: left\" >\n    <div class=\"container-fluid\">\n        <div class=\"row\">\n                            <div class=\"col-xs-12 col-sm-8 col-sm-offset-2\">\n                    <div class=\"box\">\n                        <h2  >re*visions<\/h2>                    <\/div>\n                <\/div>\n                        <div class=\"col-xs-12 col-sm-8 col-sm-offset-2\">\n                <div class=\"box\">\n                    <div class=\"copy editor\"><h3>Qu&#8217;est-ce que le projet re*visions ?<\/h3>\n<p>La Kunsthalle Karlsruhe reconna\u00eet que certaines \u0153uvres d\u2019histoire de l\u2019art peuvent \u00eatre particuli\u00e8rement probl\u00e9matiques pour certaines personnes. Ces repr\u00e9sentations rev\u00eatent des significations diff\u00e9rentes pour les visiteurs selon le v\u00e9cu personnel de chacune des personnes. Nous souhaitons sensibiliser le public \u00e0 cette question dans le cadre de la pr\u00e9sentation de notre collection.<\/p>\n<p>Pour engager une r\u00e9flexion s\u00e9rieuse sur les discriminations en tant que facteur des rapports de force sociaux et les surmonter, il convient \u00e9galement que ceux et celles qui ne sont pas concern\u00e9.e.s par ces discriminations se penchent sur leur propre position sociale\u00a0: les soci\u00e9t\u00e9s europ\u00e9ennes blanches majoritaires \u2013 et, avec elles, leurs institutions culturelles.<\/p>\n<p>Notre mus\u00e9e s\u2019engage sur la voie d\u2019une plus grande sensibilit\u00e9 aux discriminations. Nous souhaitons enrichir les points de vue sur la collection de la Staatliche Kunsthalle de Karlsruhe. Nous avons charg\u00e9 des auteurs.rices concern\u00e9.e.s par des discriminations de r\u00e9diger de premiers textes et des contributions num\u00e9riques afin de fournir des connaissances plus diversifi\u00e9es \u00e0 notre public et accorder un espace \u00e0 ces expertises. Il est pr\u00e9vu de compl\u00e9ter ces textes par d\u2019autres points de vue \u00e0 l\u2019avenir. Ce processus compl\u00e9tant de mani\u00e8re critique le travail effectu\u00e9 jusqu\u2019\u00e0 pr\u00e9sent par le mus\u00e9e, nous parlons pour ce format de re*visions.<\/p>\n<p>Toutes les contributions de cette intervention sont mises en \u00e9vidence par la couleur des cartels. Certaines informations contextuelles et explications sur les termes employ\u00e9s accompagnent les contributions et sont signal\u00e9es par la couleur jaune.<\/p>\n<p>Isabel Dotzauer pour le<br \/>\nService Formation et m\u00e9diation<\/p>\n<p>&nbsp;<\/p>\n<p>Traduction : Julia Walter<\/p>\n                        \n\n                        <\/div>\n                <\/div>\n            <\/div>\n        <\/div>\n    <\/div>\n<\/section>\n\n\n<section class=\"block block-related block-related-list\" >\n\t\t\t<div class=\"container-fluid\">\n\t\t\t<div class=\"row center-xs\">\n\t\t\t\t<div class=\"col-xs\">\n\t\t\t\t\t<div class=\"box\">\n\t\t\t\t\t\t\t\t\t\t\t\t<div class=\"box\">\n\t\t\t\t\t\t\t\t\t\t\t\t\t\t\t<div class=\"block-related-list-btns\">\n\t\t\t\t\t\t\t\t\t<div class=\"block-related-list-btn left\">\n\t\t\t\t\t\t\t\t\t\t<img decoding=\"async\" src=\"\/blocks\/block-media-list\/assets\/arrow-left.svg\" \/>\n\t\t\t\t\t\t\t\t\t<\/div>\n\t\t\t\t\t\t\t\t\t<div class=\"block-related-list-btn right active\">\n\t\t\t\t\t\t\t\t\t\t<img decoding=\"async\" src=\"\/blocks\/block-media-list\/assets\/arrow-right.svg\" \/>\n\t\t\t\t\t\t\t\t\t<\/div>\n\t\t\t\t\t\t\t\t<\/div>\n\t\t\t\t\t\t\t\t\t\t\t\t\t\t<div class=\"royalSlider rsMinW \">\n\t\t\t\t\t\t\t\t\t\t\t\t\t\t\t\t\t<div class=\"rsContent\">\n\t\t\t\t\t\t\t\t\t\t<div class=\"block-related-list-item\">\n\t\t\t\t\t\t\t\t\t\t\t<a href=\"https:\/\/www.kunsthalle-karlsruhe.de\/fr\/revisions\/idil-efe-dubuffet\/\" title=\"Idil Efe: Dubuffet - \">\n\t\t\t\t\t\t\t\t\t\t\t\t<div class=\"box\">\n\t\t\t\t\t\t\t\t\t\t\t\t\t<div class=\"block-media-wrapper\">\n\t\t\t\t\t\t\t\t\t\t\t\t\t\t\t<div class=\"lazy-media\" id=\"media_69df449cefe4b\">\n\t\t<div class=\"lazy-media-wrapper\">\n\t\t\t<div class=\"lazy-media-copyright\">\n\t\t\t\t<div class=\"lazy-media-copyright-content\">\n\t\t\t\t\t\t\t\t\t\t\t<span class=\"lazy-media-copyright-content-empty\" aria-hidden=\"true\" style=\"pointer-events: none; user-select: none;\">&nbsp;<\/span>\n\t\t\t\t\t\t\t\t\t<\/div>\n\t\t\t<\/div>\n\n\t\t\t<div class=\"height-container\"  style=\"padding-bottom:30.783938814532%;\">\n\t\t\t\t<script type=\"application\/json\" class=\"lazy-media-data\">\n\t\t\t\t{\n\t\t\t\t\"sizes\" : {\"original\":{\"file\":\"cic__pid--76581__cic__oid--76584__cic_kunsthallekarlsruhe-dubuffet-intervention-2.png\",\"width\":2092,\"height\":644}},\n\t\t\t\t\"path\" : \"\/wp-content\/uploads\/2024\/12\/\",\n\t\t\t\t\"video\" : \"\",\n\t\t\t\t\"autoplay\" : \"\",\n\t\t\t\t\"youtube\" : \"\"\n\t\t\t\t}\n\t\t\t\t<\/script>\n\n\t\t\t\t<div class=\"image-wrapper\" id=\"image_69df449cefe4c\">\n\t\t\t\t\t<img decoding=\"async\" src=\"\" alt=\"Vorschaubild eines Textes, in dem die Bearbeitungen des Textes zu Jean Dubuffets Araber mit Fu&szlig;spuren nachvollziehbar gemacht werden.\" title=\"cic__pid&amp;#8211;76581__cic_kunsthallekarlsruhe-dubuffet-intervention-2\" \/>\n\t\t\t\t\t<noscript>\n\t\t\t\t\t\t<img decoding=\"async\" src=\"\/wp-content\/uploads\/2024\/12\/cic__pid--76581__cic__oid--76584__cic_kunsthallekarlsruhe-dubuffet-intervention-2.png\" alt=\"Vorschaubild eines Textes, in dem die Bearbeitungen des Textes zu Jean Dubuffets Araber mit Fu&szlig;spuren nachvollziehbar gemacht werden.\" title=\"cic__pid&amp;#8211;76581__cic_kunsthallekarlsruhe-dubuffet-intervention-2\" \/>\n\t\t\t\t\t<\/noscript>\n\n\t\t\t\t\t\t\t\t\t<\/div>\n\n\t\t\t\t\t\t\t<\/div>\n\n\t\t\t\n\t\t\t\t\t<\/div>\n\t<\/div>\n\n\t\t\t\t\t\t\t\t\t\t\t\t\t<\/div>\n\t\t\t\t\t\t\t\t\t\t\t\t<\/div>\n\n\t\t\t\t\t\t\t\t\t\t\t\t\t\t\t\t\t\t\t\t\t\t\t\t\t<h5 class=\"h5-large margin-sixteenth-top\">Idil Efe: Dubuffet<\/h5>\n\t\t\t\t\t\t\t\t\t\t\t\t\t\t\t\t\t\t\t\t\t\t\t\t\t\t\t\t\t\t\t\t\t\t\t<\/a>\n\t\t\t\t\t\t\t\t\t\t<\/div>\n\t\t\t\t\t\t\t\t\t<\/div>\n\t\t\t\t\t\t\t\t\t\t\t\t\t\t\t\t\t<div class=\"rsContent\">\n\t\t\t\t\t\t\t\t\t\t<div class=\"block-related-list-item\">\n\t\t\t\t\t\t\t\t\t\t\t<a href=\"https:\/\/www.kunsthalle-karlsruhe.de\/fr\/revisions\/ercan-vernet\/\" title=\"Leyla Ercan: Vernet - \">\n\t\t\t\t\t\t\t\t\t\t\t\t<div class=\"box\">\n\t\t\t\t\t\t\t\t\t\t\t\t\t<div class=\"block-media-wrapper\">\n\t\t\t\t\t\t\t\t\t\t\t\t\t\t\t<div class=\"lazy-media\" id=\"media_69df449cf059f\">\n\t\t<div class=\"lazy-media-wrapper\">\n\t\t\t<div class=\"lazy-media-copyright\">\n\t\t\t\t<div class=\"lazy-media-copyright-content\">\n\t\t\t\t\t\t\t\t\t\t\t<span class=\"lazy-media-copyright-content-empty\" aria-hidden=\"true\" style=\"pointer-events: none; user-select: none;\">&nbsp;<\/span>\n\t\t\t\t\t\t\t\t\t<\/div>\n\t\t\t<\/div>\n\n\t\t\t<div class=\"height-container\"  style=\"padding-bottom:77.083333333333%;\">\n\t\t\t\t<script type=\"application\/json\" class=\"lazy-media-data\">\n\t\t\t\t{\n\t\t\t\t\"sizes\" : {\"medium\":{\"file\":\"kunsthallekarlsruhe-joseph-vernet-vornehme-tuerken-beim-fischfang-300x231.jpg\",\"width\":300,\"height\":231,\"mime-type\":\"image\\\/jpeg\",\"filesize\":56971},\"large\":{\"file\":\"kunsthallekarlsruhe-joseph-vernet-vornehme-tuerken-beim-fischfang-1024x789.jpg\",\"width\":1024,\"height\":789,\"mime-type\":\"image\\\/jpeg\",\"filesize\":564111},\"thumbnail\":{\"file\":\"kunsthallekarlsruhe-joseph-vernet-vornehme-tuerken-beim-fischfang-150x116.jpg\",\"width\":150,\"height\":116,\"mime-type\":\"image\\\/jpeg\",\"filesize\":16310},\"medium_large\":{\"file\":\"kunsthallekarlsruhe-joseph-vernet-vornehme-tuerken-beim-fischfang-768x592.jpg\",\"width\":768,\"height\":592,\"mime-type\":\"image\\\/jpeg\",\"filesize\":325957},\"1536x1536\":{\"file\":\"kunsthallekarlsruhe-joseph-vernet-vornehme-tuerken-beim-fischfang-1536x1184.jpg\",\"width\":1536,\"height\":1184,\"mime-type\":\"image\\\/jpeg\",\"filesize\":1141998},\"original\":{\"file\":\"kunsthallekarlsruhe-joseph-vernet-vornehme-tuerken-beim-fischfang.jpg\",\"width\":1920,\"height\":1480}},\n\t\t\t\t\"path\" : \"\/wp-content\/uploads\/2025\/04\/\",\n\t\t\t\t\"video\" : \"\",\n\t\t\t\t\"autoplay\" : \"\",\n\t\t\t\t\"youtube\" : \"\"\n\t\t\t\t}\n\t\t\t\t<\/script>\n\n\t\t\t\t<div class=\"image-wrapper\" id=\"image_69df449cf05a0\">\n\t\t\t\t\t<img decoding=\"async\" src=\"\" alt=\"Gem&auml;lde, das bei einem abendlichen Licht einen Mann mit Angel zeigt, der von mehreren, vornehm gekleideten M&auml;nnern beobachtet wird.\" title=\"kunsthallekarlsruhe-joseph-vernet-vornehme-tuerken-beim-fischfang\" \/>\n\t\t\t\t\t<noscript>\n\t\t\t\t\t\t<img decoding=\"async\" src=\"\/wp-content\/uploads\/2025\/04\/kunsthallekarlsruhe-joseph-vernet-vornehme-tuerken-beim-fischfang.jpg\" alt=\"Gem&auml;lde, das bei einem abendlichen Licht einen Mann mit Angel zeigt, der von mehreren, vornehm gekleideten M&auml;nnern beobachtet wird.\" title=\"kunsthallekarlsruhe-joseph-vernet-vornehme-tuerken-beim-fischfang\" \/>\n\t\t\t\t\t<\/noscript>\n\n\t\t\t\t\t\t\t\t\t<\/div>\n\n\t\t\t\t\t\t\t<\/div>\n\n\t\t\t\n\t\t\t\t\t<\/div>\n\t<\/div>\n\n\t\t\t\t\t\t\t\t\t\t\t\t\t<\/div>\n\t\t\t\t\t\t\t\t\t\t\t\t<\/div>\n\n\t\t\t\t\t\t\t\t\t\t\t\t\t\t\t\t\t\t\t\t\t\t\t\t\t<h5 class=\"h5-large margin-sixteenth-top\">Leyla Ercan: Vernet<\/h5>\n\t\t\t\t\t\t\t\t\t\t\t\t\t\t\t\t\t\t\t\t\t\t\t\t\t\t\t\t\t\t\t\t\t\t\t<\/a>\n\t\t\t\t\t\t\t\t\t\t<\/div>\n\t\t\t\t\t\t\t\t\t<\/div>\n\t\t\t\t\t\t\t\t\t\t\t\t\t\t\t\t\t<div class=\"rsContent\">\n\t\t\t\t\t\t\t\t\t\t<div class=\"block-related-list-item\">\n\t\t\t\t\t\t\t\t\t\t\t<a href=\"https:\/\/www.kunsthalle-karlsruhe.de\/fr\/revisions\/kelly-kirchner\/\" title=\"Natasha A. Kelly: Kirchner - \">\n\t\t\t\t\t\t\t\t\t\t\t\t<div class=\"box\">\n\t\t\t\t\t\t\t\t\t\t\t\t\t<div class=\"block-media-wrapper\">\n\t\t\t\t\t\t\t\t\t\t\t\t\t\t\t<div class=\"lazy-media\" id=\"media_69df449cf0d22\">\n\t\t<div class=\"lazy-media-wrapper\">\n\t\t\t<div class=\"lazy-media-copyright\">\n\t\t\t\t<div class=\"lazy-media-copyright-content\">\n\t\t\t\t\t\t\t\t\t\t\t<span class=\"lazy-media-copyright-content-empty\" aria-hidden=\"true\" style=\"pointer-events: none; user-select: none;\">&nbsp;<\/span>\n\t\t\t\t\t\t\t\t\t<\/div>\n\t\t\t<\/div>\n\n\t\t\t<div class=\"height-container\"  style=\"padding-bottom:77.239583333333%;\">\n\t\t\t\t<script type=\"application\/json\" class=\"lazy-media-data\">\n\t\t\t\t{\n\t\t\t\t\"sizes\" : {\"medium\":{\"file\":\"kunsthallekarlsruhe-kirchner-milly-sam-nelly-300x232.jpg\",\"width\":300,\"height\":232,\"mime-type\":\"image\\\/jpeg\",\"filesize\":45643},\"large\":{\"file\":\"kunsthallekarlsruhe-kirchner-milly-sam-nelly-1024x791.jpg\",\"width\":1024,\"height\":791,\"mime-type\":\"image\\\/jpeg\",\"filesize\":475034},\"thumbnail\":{\"file\":\"kunsthallekarlsruhe-kirchner-milly-sam-nelly-150x116.jpg\",\"width\":150,\"height\":116,\"mime-type\":\"image\\\/jpeg\",\"filesize\":14001},\"medium_large\":{\"file\":\"kunsthallekarlsruhe-kirchner-milly-sam-nelly-768x593.jpg\",\"width\":768,\"height\":593,\"mime-type\":\"image\\\/jpeg\",\"filesize\":269203},\"1536x1536\":{\"file\":\"kunsthallekarlsruhe-kirchner-milly-sam-nelly-1536x1186.jpg\",\"width\":1536,\"height\":1186,\"mime-type\":\"image\\\/jpeg\",\"filesize\":1013501},\"original\":{\"file\":\"kunsthallekarlsruhe-kirchner-milly-sam-nelly.jpg\",\"width\":1920,\"height\":1483}},\n\t\t\t\t\"path\" : \"\/wp-content\/uploads\/2025\/09\/\",\n\t\t\t\t\"video\" : \"\",\n\t\t\t\t\"autoplay\" : \"\",\n\t\t\t\t\"youtube\" : \"\"\n\t\t\t\t}\n\t\t\t\t<\/script>\n\n\t\t\t\t<div class=\"image-wrapper\" id=\"image_69df449cf0d23\">\n\t\t\t\t\t<img decoding=\"async\" src=\"\" alt=\"Drei Personen mit schwarzer \" title=\"kunsthallekarlsruhe-kirchner-milly-sam-nelly\" \/>\n\t\t\t\t\t<noscript>\n\t\t\t\t\t\t<img decoding=\"async\" src=\"\/wp-content\/uploads\/2025\/09\/kunsthallekarlsruhe-kirchner-milly-sam-nelly.jpg\" alt=\"Drei Personen mit schwarzer \" title=\"kunsthallekarlsruhe-kirchner-milly-sam-nelly\" \/>\n\t\t\t\t\t<\/noscript>\n\n\t\t\t\t\t\t\t\t\t<\/div>\n\n\t\t\t\t\t\t\t<\/div>\n\n\t\t\t\n\t\t\t\t\t<\/div>\n\t<\/div>\n\n\t\t\t\t\t\t\t\t\t\t\t\t\t<\/div>\n\t\t\t\t\t\t\t\t\t\t\t\t<\/div>\n\n\t\t\t\t\t\t\t\t\t\t\t\t\t\t\t\t\t\t\t\t\t\t\t\t\t<h5 class=\"h5-large margin-sixteenth-top\">Natasha A. Kelly: Kirchner<\/h5>\n\t\t\t\t\t\t\t\t\t\t\t\t\t\t\t\t\t\t\t\t\t\t\t\t\t\t\t\t\t\t\t\t\t\t\t<\/a>\n\t\t\t\t\t\t\t\t\t\t<\/div>\n\t\t\t\t\t\t\t\t\t<\/div>\n\t\t\t\t\t\t\t\t\t\t\t\t\t\t\t\t\t<div class=\"rsContent\">\n\t\t\t\t\t\t\t\t\t\t<div class=\"block-related-list-item\">\n\t\t\t\t\t\t\t\t\t\t\t<a href=\"https:\/\/www.kunsthalle-karlsruhe.de\/fr\/revisions\/melanelle-b-c-hemefa\/\" title=\"Melanelle B.C. H\u00e9m\u00eafa - \">\n\t\t\t\t\t\t\t\t\t\t\t\t<div class=\"box\">\n\t\t\t\t\t\t\t\t\t\t\t\t\t<div class=\"block-media-wrapper\">\n\t\t\t\t\t\t\t\t\t\t\t\t\t\t\t<div class=\"lazy-media\" id=\"media_69df449cf14c3\">\n\t\t<div class=\"lazy-media-wrapper\">\n\t\t\t<div class=\"lazy-media-copyright\">\n\t\t\t\t<div class=\"lazy-media-copyright-content\">\n\t\t\t\t\t\t\t\t\t\t\t<span class=\"lazy-media-copyright-content-empty\" aria-hidden=\"true\" style=\"pointer-events: none; user-select: none;\">&nbsp;<\/span>\n\t\t\t\t\t\t\t\t\t<\/div>\n\t\t\t<\/div>\n\n\t\t\t<div class=\"height-container\"  style=\"padding-bottom:76.09375%;\">\n\t\t\t\t<script type=\"application\/json\" class=\"lazy-media-data\">\n\t\t\t\t{\n\t\t\t\t\"sizes\" : {\"medium\":{\"file\":\"kunsthallekarlsruhe-vernet-toilette-der-griechin-300x228.jpg\",\"width\":300,\"height\":228,\"mime-type\":\"image\\\/jpeg\",\"filesize\":108061},\"large\":{\"file\":\"kunsthallekarlsruhe-vernet-toilette-der-griechin-1024x779.jpg\",\"width\":1024,\"height\":779,\"mime-type\":\"image\\\/jpeg\",\"filesize\":929501},\"thumbnail\":{\"file\":\"kunsthallekarlsruhe-vernet-toilette-der-griechin-150x114.jpg\",\"width\":150,\"height\":114,\"mime-type\":\"image\\\/jpeg\",\"filesize\":39858},\"medium_large\":{\"file\":\"kunsthallekarlsruhe-vernet-toilette-der-griechin-768x584.jpg\",\"width\":768,\"height\":584,\"mime-type\":\"image\\\/jpeg\",\"filesize\":539120},\"mobile\":{\"file\":\"kunsthallekarlsruhe-vernet-toilette-der-griechin-720x548.jpg\",\"width\":720,\"height\":548,\"mime-type\":\"image\\\/jpeg\",\"filesize\":482333},\"hd\":{\"file\":\"kunsthallekarlsruhe-vernet-toilette-der-griechin-1280x974.jpg\",\"width\":1280,\"height\":974,\"mime-type\":\"image\\\/jpeg\",\"filesize\":1385929},\"1536x1536\":{\"file\":\"kunsthallekarlsruhe-vernet-toilette-der-griechin-1536x1169.jpg\",\"width\":1536,\"height\":1169,\"mime-type\":\"image\\\/jpeg\",\"filesize\":1930889},\"original\":{\"file\":\"kunsthallekarlsruhe-vernet-toilette-der-griechin.jpg\",\"width\":1920,\"height\":1461}},\n\t\t\t\t\"path\" : \"\/wp-content\/uploads\/2023\/04\/\",\n\t\t\t\t\"video\" : \"\",\n\t\t\t\t\"autoplay\" : \"\",\n\t\t\t\t\"youtube\" : \"\"\n\t\t\t\t}\n\t\t\t\t<\/script>\n\n\t\t\t\t<div class=\"image-wrapper\" id=\"image_69df449cf14c4\">\n\t\t\t\t\t<img decoding=\"async\" src=\"\" alt=\"Au bord d&#039;une rivi&egrave;re, devant une balustrade orn&eacute;e de vases, une femme &eacute;l&eacute;gamment v&ecirc;tue. Une servante blanche et une servante noire la coiffent et lui lavent les pieds. &Agrave; l&#039;arri&egrave;re-plan, une ville en toile de fond.\" title=\"0485_Vernet 003\" \/>\n\t\t\t\t\t<noscript>\n\t\t\t\t\t\t<img decoding=\"async\" src=\"\/wp-content\/uploads\/2023\/04\/kunsthallekarlsruhe-vernet-toilette-der-griechin.jpg\" alt=\"Au bord d&#039;une rivi&egrave;re, devant une balustrade orn&eacute;e de vases, une femme &eacute;l&eacute;gamment v&ecirc;tue. Une servante blanche et une servante noire la coiffent et lui lavent les pieds. &Agrave; l&#039;arri&egrave;re-plan, une ville en toile de fond.\" title=\"0485_Vernet 003\" \/>\n\t\t\t\t\t<\/noscript>\n\n\t\t\t\t\t\t\t\t\t<\/div>\n\n\t\t\t\t\t\t\t<\/div>\n\n\t\t\t\n\t\t\t\t\t<\/div>\n\t<\/div>\n\n\t\t\t\t\t\t\t\t\t\t\t\t\t<\/div>\n\t\t\t\t\t\t\t\t\t\t\t\t<\/div>\n\n\t\t\t\t\t\t\t\t\t\t\t\t\t\t\t\t\t\t\t\t\t\t\t\t\t<h5 class=\"h5-large margin-sixteenth-top\">Melanelle B.C. H\u00e9m\u00eafa<\/h5>\n\t\t\t\t\t\t\t\t\t\t\t\t\t\t\t\t\t\t\t\t\t\t\t\t\t\t\t\t\t\t\t\t\t\t\t<\/a>\n\t\t\t\t\t\t\t\t\t\t<\/div>\n\t\t\t\t\t\t\t\t\t<\/div>\n\t\t\t\t\t\t\t\t\t\t\t\t\t\t\t\t\t<div class=\"rsContent\">\n\t\t\t\t\t\t\t\t\t\t<div class=\"block-related-list-item\">\n\t\t\t\t\t\t\t\t\t\t\t<a href=\"https:\/\/www.kunsthalle-karlsruhe.de\/fr\/revisions\/patricia-vester-wenzel-hollar\/\" title=\"Patricia Vester: Wenzel Hollar - \">\n\t\t\t\t\t\t\t\t\t\t\t\t<div class=\"box\">\n\t\t\t\t\t\t\t\t\t\t\t\t\t<div class=\"block-media-wrapper\">\n\t\t\t\t\t\t\t\t\t\t\t\t\t\t\t<div class=\"lazy-media\" id=\"media_69df449cf1c94\">\n\t\t<div class=\"lazy-media-wrapper\">\n\t\t\t<div class=\"lazy-media-copyright\">\n\t\t\t\t<div class=\"lazy-media-copyright-content\">\n\t\t\t\t\t\t\t\t\t\t\t<span class=\"lazy-media-copyright-content-empty\" aria-hidden=\"true\" style=\"pointer-events: none; user-select: none;\">&nbsp;<\/span>\n\t\t\t\t\t\t\t\t\t<\/div>\n\t\t\t<\/div>\n\n\t\t\t<div class=\"height-container\"  style=\"padding-bottom:85.752688172043%;\">\n\t\t\t\t<script type=\"application\/json\" class=\"lazy-media-data\">\n\t\t\t\t{\n\t\t\t\t\"sizes\" : {\"medium\":{\"file\":\"kunsthallekarlsruhe-wenzel-hollar-brustbild-eines-schwarzen-jungen-detail-300x257.jpg\",\"width\":300,\"height\":257,\"mime-type\":\"image\\\/jpeg\",\"filesize\":105082},\"large\":{\"file\":\"kunsthallekarlsruhe-wenzel-hollar-brustbild-eines-schwarzen-jungen-detail-1024x878.jpg\",\"width\":1024,\"height\":878,\"mime-type\":\"image\\\/jpeg\",\"filesize\":945406},\"thumbnail\":{\"file\":\"kunsthallekarlsruhe-wenzel-hollar-brustbild-eines-schwarzen-jungen-detail-150x129.jpg\",\"width\":150,\"height\":129,\"mime-type\":\"image\\\/jpeg\",\"filesize\":33879},\"medium_large\":{\"file\":\"kunsthallekarlsruhe-wenzel-hollar-brustbild-eines-schwarzen-jungen-detail-768x659.jpg\",\"width\":768,\"height\":659,\"mime-type\":\"image\\\/jpeg\",\"filesize\":580076},\"original\":{\"file\":\"kunsthallekarlsruhe-wenzel-hollar-brustbild-eines-schwarzen-jungen-detail.jpg\",\"width\":1488,\"height\":1276}},\n\t\t\t\t\"path\" : \"\/wp-content\/uploads\/2025\/04\/\",\n\t\t\t\t\"video\" : \"\",\n\t\t\t\t\"autoplay\" : \"\",\n\t\t\t\t\"youtube\" : \"\"\n\t\t\t\t}\n\t\t\t\t<\/script>\n\n\t\t\t\t<div class=\"image-wrapper\" id=\"image_69df449cf1c95\">\n\t\t\t\t\t<img decoding=\"async\" src=\"\" alt=\"Detail einer Radierung, die das Profil eines Schwarzen Jungen zeigt.\" title=\"kunsthallekarlsruhe-wenzel-hollar-brustbild-eines-schwarzen-jungen-detail\" \/>\n\t\t\t\t\t<noscript>\n\t\t\t\t\t\t<img decoding=\"async\" src=\"\/wp-content\/uploads\/2025\/04\/kunsthallekarlsruhe-wenzel-hollar-brustbild-eines-schwarzen-jungen-detail.jpg\" alt=\"Detail einer Radierung, die das Profil eines Schwarzen Jungen zeigt.\" title=\"kunsthallekarlsruhe-wenzel-hollar-brustbild-eines-schwarzen-jungen-detail\" \/>\n\t\t\t\t\t<\/noscript>\n\n\t\t\t\t\t\t\t\t\t<\/div>\n\n\t\t\t\t\t\t\t<\/div>\n\n\t\t\t\n\t\t\t\t\t<\/div>\n\t<\/div>\n\n\t\t\t\t\t\t\t\t\t\t\t\t\t<\/div>\n\t\t\t\t\t\t\t\t\t\t\t\t<\/div>\n\n\t\t\t\t\t\t\t\t\t\t\t\t\t\t\t\t\t\t\t\t\t\t\t\t\t<h5 class=\"h5-large margin-sixteenth-top\">Patricia Vester: Wenzel Hollar<\/h5>\n\t\t\t\t\t\t\t\t\t\t\t\t\t\t\t\t\t\t\t\t\t\t\t\t\t\t\t\t\t\t\t\t\t\t\t<\/a>\n\t\t\t\t\t\t\t\t\t\t<\/div>\n\t\t\t\t\t\t\t\t\t<\/div>\n\t\t\t\t\t\t\t\t\t\t\t\t\t\t\t\t\t<div class=\"rsContent\">\n\t\t\t\t\t\t\t\t\t\t<div class=\"block-related-list-item\">\n\t\t\t\t\t\t\t\t\t\t\t<a href=\"https:\/\/www.kunsthalle-karlsruhe.de\/fr\/?page_id=79274\" title=\"Yoofee Vester: Thoma - \">\n\t\t\t\t\t\t\t\t\t\t\t\t<div class=\"box\">\n\t\t\t\t\t\t\t\t\t\t\t\t\t<div class=\"block-media-wrapper\">\n\t\t\t\t\t\t\t\t\t\t\t\t\t\t\t<div class=\"lazy-media\" id=\"media_69df449cf2466\">\n\t\t<div class=\"lazy-media-wrapper\">\n\t\t\t<div class=\"lazy-media-copyright\">\n\t\t\t\t<div class=\"lazy-media-copyright-content\">\n\t\t\t\t\t\t\t\t\t\t\t<span class=\"lazy-media-copyright-content-empty\" aria-hidden=\"true\" style=\"pointer-events: none; user-select: none;\">&nbsp;<\/span>\n\t\t\t\t\t\t\t\t\t<\/div>\n\t\t\t<\/div>\n\n\t\t\t<div class=\"height-container\"  style=\"padding-bottom:56.238805970149%;\">\n\t\t\t\t<script type=\"application\/json\" class=\"lazy-media-data\">\n\t\t\t\t{\n\t\t\t\t\"sizes\" : {\"original\":{\"file\":\"cic__pid--72984__cic__oid--79267__cic_kunsthallekarlsruhe-newsroom-hans-thoma-kopfstudie-eines-jungen-schwarzen-mannes.jpg\",\"width\":1675,\"height\":942}},\n\t\t\t\t\"path\" : \"\/wp-content\/uploads\/2025\/04\/\",\n\t\t\t\t\"video\" : \"\",\n\t\t\t\t\"autoplay\" : \"\",\n\t\t\t\t\"youtube\" : \"\"\n\t\t\t\t}\n\t\t\t\t<\/script>\n\n\t\t\t\t<div class=\"image-wrapper\" id=\"image_69df449cf2467\">\n\t\t\t\t\t<img decoding=\"async\" src=\"\" alt=\"Ein junger Schwarzer Mann im Dreiviertelprofil.\" title=\"\" \/>\n\t\t\t\t\t<noscript>\n\t\t\t\t\t\t<img decoding=\"async\" src=\"\/wp-content\/uploads\/2025\/04\/cic__pid--72984__cic__oid--79267__cic_kunsthallekarlsruhe-newsroom-hans-thoma-kopfstudie-eines-jungen-schwarzen-mannes.jpg\" alt=\"Ein junger Schwarzer Mann im Dreiviertelprofil.\" title=\"\" \/>\n\t\t\t\t\t<\/noscript>\n\n\t\t\t\t\t\t\t\t\t<\/div>\n\n\t\t\t\t\t\t\t<\/div>\n\n\t\t\t\n\t\t\t\t\t<\/div>\n\t<\/div>\n\n\t\t\t\t\t\t\t\t\t\t\t\t\t<\/div>\n\t\t\t\t\t\t\t\t\t\t\t\t<\/div>\n\n\t\t\t\t\t\t\t\t\t\t\t\t\t\t\t\t\t\t\t\t\t\t\t\t\t<h5 class=\"h5-large margin-sixteenth-top\">Yoofee Vester: Thoma<\/h5>\n\t\t\t\t\t\t\t\t\t\t\t\t\t\t\t\t\t\t\t\t\t\t\t\t\t\t\t\t\t\t\t\t\t\t\t<\/a>\n\t\t\t\t\t\t\t\t\t\t<\/div>\n\t\t\t\t\t\t\t\t\t<\/div>\n\t\t\t\t\t\t\t\t\t\t\t\t\t\t\t\t\t<div class=\"rsContent\">\n\t\t\t\t\t\t\t\t\t\t<div class=\"block-related-list-item\">\n\t\t\t\t\t\t\t\t\t\t\t<a href=\"https:\/\/www.kunsthalle-karlsruhe.de\/fr\/revisions\/glossaire\/\" title=\"glossaire - \">\n\t\t\t\t\t\t\t\t\t\t\t\t<div class=\"box\">\n\t\t\t\t\t\t\t\t\t\t\t\t\t<div class=\"block-media-wrapper\">\n\t\t\t\t\t\t\t\t\t\t\t\t\t\t\t<div class=\"lazy-media\" id=\"media_69df449cf2b6a\">\n\t\t<div class=\"lazy-media-wrapper\">\n\t\t\t<div class=\"lazy-media-copyright\">\n\t\t\t\t<div class=\"lazy-media-copyright-content\">\n\t\t\t\t\t\t\t\t\t\t\t<span class=\"lazy-media-copyright-content-empty\" aria-hidden=\"true\" style=\"pointer-events: none; user-select: none;\">&nbsp;<\/span>\n\t\t\t\t\t\t\t\t\t<\/div>\n\t\t\t<\/div>\n\n\t\t\t<div class=\"height-container\"  style=\"padding-bottom:75%;\">\n\t\t\t\t<script type=\"application\/json\" class=\"lazy-media-data\">\n\t\t\t\t{\n\t\t\t\t\"sizes\" : {\"medium\":{\"file\":\"kunsthallekarlsruhe-revisionen-blogbeitrag-300x225.jpeg\",\"width\":300,\"height\":225,\"mime-type\":\"image\\\/jpeg\",\"filesize\":58931},\"large\":{\"file\":\"kunsthallekarlsruhe-revisionen-blogbeitrag-1024x768.jpeg\",\"width\":1024,\"height\":768,\"mime-type\":\"image\\\/jpeg\",\"filesize\":438939},\"thumbnail\":{\"file\":\"kunsthallekarlsruhe-revisionen-blogbeitrag-150x113.jpeg\",\"width\":150,\"height\":113,\"mime-type\":\"image\\\/jpeg\",\"filesize\":26145},\"medium_large\":{\"file\":\"kunsthallekarlsruhe-revisionen-blogbeitrag-768x576.jpeg\",\"width\":768,\"height\":576,\"mime-type\":\"image\\\/jpeg\",\"filesize\":267837},\"1536x1536\":{\"file\":\"kunsthallekarlsruhe-revisionen-blogbeitrag-1536x1152.jpeg\",\"width\":1536,\"height\":1152,\"mime-type\":\"image\\\/jpeg\",\"filesize\":920056},\"original\":{\"file\":\"kunsthallekarlsruhe-revisionen-blogbeitrag.jpeg\",\"width\":2048,\"height\":1536}},\n\t\t\t\t\"path\" : \"\/wp-content\/uploads\/2025\/04\/\",\n\t\t\t\t\"video\" : \"\",\n\t\t\t\t\"autoplay\" : \"\",\n\t\t\t\t\"youtube\" : \"\"\n\t\t\t\t}\n\t\t\t\t<\/script>\n\n\t\t\t\t<div class=\"image-wrapper\" id=\"image_69df449cf2b6b\">\n\t\t\t\t\t<img decoding=\"async\" src=\"\" alt=\"Blick in die Ausstellung der Kunsthalle auf einen Wand mit zahlreichen goldgerahmten Gem&auml;lden. Auf einer Bank davor liegen grellgelbe Texttafeln aus.\" title=\"kunsthallekarlsruhe-revisionen-blogbeitrag\" \/>\n\t\t\t\t\t<noscript>\n\t\t\t\t\t\t<img decoding=\"async\" src=\"\/wp-content\/uploads\/2025\/04\/kunsthallekarlsruhe-revisionen-blogbeitrag.jpeg\" alt=\"Blick in die Ausstellung der Kunsthalle auf einen Wand mit zahlreichen goldgerahmten Gem&auml;lden. Auf einer Bank davor liegen grellgelbe Texttafeln aus.\" title=\"kunsthallekarlsruhe-revisionen-blogbeitrag\" \/>\n\t\t\t\t\t<\/noscript>\n\n\t\t\t\t\t\t\t\t\t<\/div>\n\n\t\t\t\t\t\t\t<\/div>\n\n\t\t\t\n\t\t\t\t\t<\/div>\n\t<\/div>\n\n\t\t\t\t\t\t\t\t\t\t\t\t\t<\/div>\n\t\t\t\t\t\t\t\t\t\t\t\t<\/div>\n\n\t\t\t\t\t\t\t\t\t\t\t\t\t\t\t\t\t\t\t\t\t\t\t\t\t<h5 class=\"h5-large margin-sixteenth-top\">glossaire<\/h5>\n\t\t\t\t\t\t\t\t\t\t\t\t\t\t\t\t\t\t\t\t\t\t\t\t\t\t\t\t\t\t\t\t\t\t\t<\/a>\n\t\t\t\t\t\t\t\t\t\t<\/div>\n\t\t\t\t\t\t\t\t\t<\/div>\n\t\t\t\t\t\t\t\t\t\t\t\t\t\t\t<\/div>\n\t\t\t\t\t\t<\/div>\n\t\t\t\t\t<\/div>\n\t\t\t\t<\/div>\n\t\t\t<\/div>\n\t\t<\/div>\n\t<\/section>","protected":false},"excerpt":{"rendered":"","protected":false},"author":7,"featured_media":79529,"parent":0,"menu_order":0,"comment_status":"closed","ping_status":"closed","template":"","meta":{"_acf_changed":false,"_seopress_robots_primary_cat":"","_seopress_titles_title":"","_seopress_titles_desc":"","_seopress_robots_index":"","footnotes":""},"class_list":["post-79225","page","type-page","status-publish","has-post-thumbnail","hentry"],"acf":[],"_links":{"self":[{"href":"https:\/\/www.kunsthalle-karlsruhe.de\/fr\/wp-json\/wp\/v2\/pages\/79225","targetHints":{"allow":["GET"]}}],"collection":[{"href":"https:\/\/www.kunsthalle-karlsruhe.de\/fr\/wp-json\/wp\/v2\/pages"}],"about":[{"href":"https:\/\/www.kunsthalle-karlsruhe.de\/fr\/wp-json\/wp\/v2\/types\/page"}],"author":[{"embeddable":true,"href":"https:\/\/www.kunsthalle-karlsruhe.de\/fr\/wp-json\/wp\/v2\/users\/7"}],"replies":[{"embeddable":true,"href":"https:\/\/www.kunsthalle-karlsruhe.de\/fr\/wp-json\/wp\/v2\/comments?post=79225"}],"version-history":[{"count":4,"href":"https:\/\/www.kunsthalle-karlsruhe.de\/fr\/wp-json\/wp\/v2\/pages\/79225\/revisions"}],"predecessor-version":[{"id":84965,"href":"https:\/\/www.kunsthalle-karlsruhe.de\/fr\/wp-json\/wp\/v2\/pages\/79225\/revisions\/84965"}],"wp:featuredmedia":[{"embeddable":true,"href":"https:\/\/www.kunsthalle-karlsruhe.de\/fr\/wp-json\/wp\/v2\/media\/79529"}],"wp:attachment":[{"href":"https:\/\/www.kunsthalle-karlsruhe.de\/fr\/wp-json\/wp\/v2\/media?parent=79225"}],"curies":[{"name":"wp","href":"https:\/\/api.w.org\/{rel}","templated":true}]}}