{"id":79243,"date":"2025-04-16T08:31:13","date_gmt":"2025-04-16T06:31:13","guid":{"rendered":"https:\/\/www.kunsthalle-karlsruhe.de\/?page_id=79243"},"modified":"2025-04-16T08:31:18","modified_gmt":"2025-04-16T06:31:18","slug":"patricia-vester-wenzel-hollar","status":"publish","type":"page","link":"https:\/\/www.kunsthalle-karlsruhe.de\/fr\/revisions\/patricia-vester-wenzel-hollar\/","title":{"rendered":"Patricia Vester: Wenzel Hollar"},"content":{"rendered":"\n<section class=\"block block-copy\" style=\"text-align: left\" >\n    <div class=\"container-fluid\">\n        <div class=\"row\">\n                            <div class=\"col-xs-12 col-sm-8 col-sm-offset-2\">\n                    <div class=\"box\">\n                        <h2  >Patricia Vester: re*vision artistique audio sur Wenzel Hollar : Portrait en buste d&#8217;un gar\u00e7on noir de trois-quarts*, 1645<\/h2>                    <\/div>\n                <\/div>\n                        <div class=\"col-xs-12 col-sm-8 col-sm-offset-2\">\n                <div class=\"box\">\n                    <div class=\"copy editor\"><p>Dans le texte suivant, \u00ab\u00a0<em>kratz ritz ratz<\/em>\u00a0\u00bb et \u00ab\u00a0<em>wisch<\/em>\u00a0\u00bb est utilis\u00e9 comme repr\u00e9sentation \u00e9crite d&#8217;un bruit.<\/p>\n<p>1645<br \/>\nHeure du jour inconnue<br \/>\nSaison \u00e9galement<br \/>\nLieu ind\u00e9fini<br \/>\nEspace ind\u00e9termin\u00e9<\/p>\n<p>\u00ab Tourne-toi sur le c\u00f4t\u00e9, de profil !<br \/>\nPas bouger ! <em>kratz ritz kratz<br \/>\n<\/em>Sur un petit morceau de m\u00e9tal<br \/>\nrouge\u00e2tre <em>wisch kratz<br \/>\n<\/em>d\u2019une main, je tiens l\u2019aiguille<br \/>\net je <em>Ritz kratz<\/em> avec style<br \/>\nEt faut pas broncher\u2026<br \/>\n<em>kratz kratz<br \/>\n<\/em>\u00c7a prend du temps !<br \/>\nTu comprends ?<br \/>\nD\u2019abord j\u2019observe&#8230; <em>kratz ritz kratz<br \/>\n<\/em>et ensuite je <em>ritz <\/em>\u2026<br \/>\nce que je vois, ou plut\u00f4t\u00a0: veux bien voir !<br \/>\nl\u00e0 dans le m\u00e9tal <em>ritz ritz kratz<br \/>\n<\/em>dans mon style<br \/>\nLa t\u00eate un peu en arri\u00e8re !<br \/>\nJe la place moi-m\u00eame \u2013<br \/>\nEt toi \u2013 tiens-toi tranquille !<br \/>\n<em>kratz ratz kratz<br \/>\n<\/em>Et je gratte, je grave,<br \/>\npuis je noircis et j\u2019imprime.<br \/>\n<em>kratz ritz ratz<br \/>\n<\/em>Peut-\u00eatre m\u00eame que je te montrerai.<br \/>\nL\u2019humain, la souris, l\u2019homme et l\u2019animal<br \/>\nsont pass\u00e9s par l\u00e0 avant toi,<\/p>\n<p>la Gen\u00e8se, des paysages merveilleux,<br \/>\ndes pages de calendrier, des animaux dangereux,<br \/>\ndes hommes de rang et des rois,<br \/>\ndes dames raffin\u00e9es <em>ritz ratz<\/em>, et pas qu\u2019un peu.<br \/>\nLondres, Covent Garden, la piazza<br \/>\nPlans de maison, places et grazia,<br \/>\nUn \u00e9l\u00e9phant et son dresseur,<br \/>\ndes images de la Bible, quelques Anglais,<br \/>\ntous naturellement plus intelligents,<br \/>\nencore un deux trois boutons <em>ritz ritz <\/em>et l\u00e0,<br \/>\non est loin des visages d\u00e9form\u00e9s que je gravais autrefois&#8230; mais oui&#8230;<br \/>\nta peau est fort int\u00e9ressante,<br \/>\net ton cheveux bien fris\u00e9,<br \/>\n<em>ratz ritz | ritz ratz | ritz ritz ritz ritz<br \/>\n<\/em>Tes l\u00e8vres <em>ritz ritz<\/em> si singuli\u00e8res\u2026<br \/>\nEt tu regardes au loin <em>ratz kratz<br \/>\n<\/em>Tu n\u2019aimes pas prendre la pose ?<br \/>\nNe bouge pas !<br \/>\nSi quelqu\u2019un comme moi te dessine,<br \/>\nc\u2019est un v\u00e9ritable honneur ! <em>ritz ritz ritz<br \/>\n<\/em>L\u00e0 \u00e7a se corse :<br \/>\nLe col blanc r\u00e9hausse le contraste <em>ratz ratz ritz<br \/>\n<\/em>si celui-ci existe vraiment<br \/>\nc\u2019est \u00e0 moi\u00a0 &#8211; seul\u00a0 &#8211; d\u2019en d\u00e9cider <em>ratz ratz ritz<br \/>\n<\/em>si \u00e7a reste flou ou pas<br \/>\nj\u2019ai vu \u00e0 un endroit, sous le col<br \/>\n<em>ritz ritz ritz<br \/>\n<\/em>un anneau qui d\u00e9passait\u2026<br \/>\nAh\u2026 tenu par quelque chose.<br \/>\n<em>ritz ritz schlitz<br \/>\n<\/em>La propri\u00e9t\u00e9 de qui\u00a0?<br \/>\nTu vas bient\u00f4t pouvoir partir\u2026<br \/>\nJ\u2019en ai d\u00e9j\u00e0 fait deux comme toi\u2026<br \/>\nEt un plus \u00e2g\u00e9&#8230; avec tant de col\u00e8re sur le visage&#8230;<br \/>\nEh ! Ne bouge pas !<br \/>\nDe qui es-tu<br \/>\nl\u2019enfant\u00a0? <em>ratz ritz kratz<br \/>\n<\/em>Je pourrais faire ta m\u00e8re ou ta s\u0153ur ensuite&#8230;<br \/>\nDes ann\u00e9es plus tard, ce mot en N- dans mon titre provoquera des remous,<br \/>\nil sera supprim\u00e9 <em>ritz ritz<br \/>\n<\/em>Au lieu de \u00ab\u00a0boy\u00a0\u00bb, on pourra lire \u00ab\u00a0jeune homme\u00a0\u00bb <em>ritz ritz ritz<br \/>\n<\/em>et des historiens, uniquement des hommes,<br \/>\n\u00e9criront \u00ab\u00a0enfant\u00a0\u00bb.<br \/>\nEh bien, pour toi, je suis sans doute aveugle,<br \/>\ncar je ne te per\u00e7ois pas dans ton \u00e9poque<br \/>\n<em>ritz ritz<br \/>\n<\/em>le vent<br \/>\nsur ton chemin, ce qui t\u2019entoure r\u00e9ellement, <em>ratz ratz kratz<br \/>\n<\/em>s\u2019il y a de la souffrance<br \/>\nou de la tristesse&#8230;,<br \/>\nLe silence r\u00e8gne ici\u2026 <em>kratz ritz kratz<br \/>\n<\/em>Personne ne s\u2019int\u00e9resse \u00e0 toi !<br \/>\nMais avec \u00e7a <em>ritz ritz<br \/>\n<\/em>tu me survivras <em>ritz ratz<br \/>\n<\/em>m\u00eame si c\u2019est\u2026<br \/>\n&#8230;sur papier.\u00a0\u00bb<\/p>\n<p>Nom de l\u2019artiste<br \/>\nWenzel Hollar<br \/>\n1607-1677<\/p>\n<p>Nom de l\u2019enfant<br \/>\nnon recherch\u00e9<br \/>\nde m\u00eame que toute autre information sur sa vie<\/p>\n<p>&nbsp;<\/p>\n<p>Traduction\u00a0: Charlotte Bomy<\/p>\n                        \n\n                        <\/div>\n                <\/div>\n            <\/div>\n        <\/div>\n    <\/div>\n<\/section>\n\n\n<section class=\"block block-copy\" style=\"text-align: left\" >\n    <div class=\"container-fluid\">\n        <div class=\"row\">\n                        <div class=\"col-xs-12 col-sm-8 col-sm-offset-2\">\n                <div class=\"box\">\n                    <div class=\"copy editor\"><h3>Patricia Vester<\/h3>\n<p>Illustratrice | Autrice | Initiatrice d\u2019interventions artistiques |<br \/>\nAccompagnatrice de projets | D\u00e9veloppeuse de projets antiracistes en \u00e9ducation artistique<\/p>\n<p>&nbsp;<\/p>\n<p>Intervention artistique audio de Patricia Vester sur Wenzel Hollar : Portrait en buste d&#8217;un gar\u00e7on noir de trois-quarts*, 1645, soutenu par le programme \u00ab Weiterkommen! \u00bb du Zentrum f\u00fcr Kulturelle Teilhabe Baden-W\u00fcrttemberg.<\/p>\n<p>&nbsp;<\/p>\n<p>\u00c0 propos du titre original &amp; trigger warning\u00a0:<\/p>\n<p>Le titre original de l\u2019\u0153uvre, d\u2019apr\u00e8s l\u2019inventaire des peintures et sa r\u00e9vision de 2020, font usage de termes discriminatoires que le mus\u00e9e ne souhaite pas reproduire.<\/p>\n<p>L\u2019ancien titre \u00ab Junger N****kopf \u00bb a \u00e9t\u00e9 modifi\u00e9 le 3.12.2020. Le titre \u00ab Brustbild eines dunkelh\u00e4utigen Mannes \u00bb a \u00e9t\u00e9 modifi\u00e9 en septembre 2024.<\/p>\n                        \n\n                        <\/div>\n                <\/div>\n            <\/div>\n        <\/div>\n    <\/div>\n<\/section>","protected":false},"excerpt":{"rendered":"","protected":false},"author":7,"featured_media":79262,"parent":79225,"menu_order":0,"comment_status":"closed","ping_status":"closed","template":"","meta":{"_acf_changed":false,"_seopress_robots_primary_cat":"","_seopress_titles_title":"","_seopress_titles_desc":"","_seopress_robots_index":"","footnotes":""},"class_list":["post-79243","page","type-page","status-publish","has-post-thumbnail","hentry"],"acf":[],"_links":{"self":[{"href":"https:\/\/www.kunsthalle-karlsruhe.de\/fr\/wp-json\/wp\/v2\/pages\/79243","targetHints":{"allow":["GET"]}}],"collection":[{"href":"https:\/\/www.kunsthalle-karlsruhe.de\/fr\/wp-json\/wp\/v2\/pages"}],"about":[{"href":"https:\/\/www.kunsthalle-karlsruhe.de\/fr\/wp-json\/wp\/v2\/types\/page"}],"author":[{"embeddable":true,"href":"https:\/\/www.kunsthalle-karlsruhe.de\/fr\/wp-json\/wp\/v2\/users\/7"}],"replies":[{"embeddable":true,"href":"https:\/\/www.kunsthalle-karlsruhe.de\/fr\/wp-json\/wp\/v2\/comments?post=79243"}],"version-history":[{"count":3,"href":"https:\/\/www.kunsthalle-karlsruhe.de\/fr\/wp-json\/wp\/v2\/pages\/79243\/revisions"}],"predecessor-version":[{"id":79872,"href":"https:\/\/www.kunsthalle-karlsruhe.de\/fr\/wp-json\/wp\/v2\/pages\/79243\/revisions\/79872"}],"up":[{"embeddable":true,"href":"https:\/\/www.kunsthalle-karlsruhe.de\/fr\/wp-json\/wp\/v2\/pages\/79225"}],"wp:featuredmedia":[{"embeddable":true,"href":"https:\/\/www.kunsthalle-karlsruhe.de\/fr\/wp-json\/wp\/v2\/media\/79262"}],"wp:attachment":[{"href":"https:\/\/www.kunsthalle-karlsruhe.de\/fr\/wp-json\/wp\/v2\/media?parent=79243"}],"curies":[{"name":"wp","href":"https:\/\/api.w.org\/{rel}","templated":true}]}}