{"id":79616,"date":"2025-04-15T20:08:18","date_gmt":"2025-04-15T18:08:18","guid":{"rendered":"https:\/\/www.kunsthalle-karlsruhe.de\/?page_id=79616"},"modified":"2025-04-15T20:17:09","modified_gmt":"2025-04-15T18:17:09","slug":"glossaire","status":"publish","type":"page","link":"https:\/\/www.kunsthalle-karlsruhe.de\/fr\/revisions\/glossaire\/","title":{"rendered":"glossaire"},"content":{"rendered":"\n<section class=\"block block-copy\" style=\"text-align: left\" >\n    <div class=\"container-fluid\">\n        <div class=\"row\">\n                            <div class=\"col-xs-12 col-sm-8 col-sm-offset-2\">\n                    <div class=\"box\">\n                        <h2  >glossaire re*visionen<\/h2>                    <\/div>\n                <\/div>\n                        <div class=\"col-xs-12 col-sm-8 col-sm-offset-2\">\n                <div class=\"box\">\n                    <div class=\"copy editor\"><p>Chers visiteurs*,<\/p>\n<p>Merci d&#8217;avoir consult\u00e9 notre glossaire d&#8217;intervention critique.<\/p>\n<p>Les \u00e9nonc\u00e9s de l&#8217;intervention re*visionen contiennent diff\u00e9rents termes techniques qui sont bri\u00e8vement expliqu\u00e9s et, le cas \u00e9ch\u00e9ant, recommandent des ouvrages compl\u00e9mentaires. Nous nous r\u00e9f\u00e9rons aux glossaires existants dans le contexte du travail culturel et de la langue critiques \u00e0 l&#8217;\u00e9gard du racisme et de la discrimination. L&#8217;intervention re*visionen et le glossaire extensible constituent donc une petite contribution \u00e0 un discours d\u00e9j\u00e0 existant et agile.<\/p>\n<p>Si vous estimez que d&#8217;autres termes des textes de l&#8217;intervention n\u00e9cessitent une explication et que nous devrions les ajouter au glossaire, n&#8217;h\u00e9sitez pas \u00e0 nous \u00e9crire via la fonction de feedback sur <a href=\"mailto:revisionen@kunsthalle-karlsruhe.de\">revisionen@kunsthalle-karlsruhe.de<\/a>.<\/p>\n<p>Nous esp\u00e9rons que ce glossaire suscitera la r\u00e9flexion et offrira des perspectives int\u00e9ressantes.<\/p>\n<p>L&#8217;\u00e9quipe de la Staatliche Kunsthalle Karlsruhe<\/p>\n<p>&nbsp;<\/p>\n<p>Toutes les entr\u00e9es du glossaire traduites par\u00a0: Julia Walter<\/p>\n                        \n\n                        <\/div>\n                <\/div>\n            <\/div>\n        <\/div>\n    <\/div>\n<\/section>\n\n\n<section class=\"block block-copy block-margin-remove\" style=\"text-align: left\"  data-visible=\"false\">\n    <div class=\"container-fluid\">\n        <div class=\"row\">\n                        <div class=\"col-xs-12 col-sm-8 col-sm-offset-2\">\n                <div class=\"box\">\n                    <div class=\"copy editor\"><p><strong>A<\/strong><br \/>\n<a href=\"https:\/\/www.kunsthalle-karlsruhe.de\/fr\/revisions\/glossaire\/alterisation\/\">alt\u00e9risation<\/a><\/p>\n                        \n\n                        <\/div>\n                <\/div>\n            <\/div>\n        <\/div>\n    <\/div>\n<\/section>\n\n\n<section class=\"block block-copy block-margin-remove\" style=\"text-align: left\" >\n    <div class=\"container-fluid\">\n        <div class=\"row\">\n                        <div class=\"col-xs-12 col-sm-8 col-sm-offset-2\">\n                <div class=\"box\">\n                    <div class=\"copy editor\"><p><strong>B<br \/>\n<\/strong><a href=\"https:\/\/www.kunsthalle-karlsruhe.de\/fr\/revisions\/glossaire\/noir-et-blanc-des-constructions-sociales\/\">Noir et <em>blanc, <\/em>des constructions sociales<\/a><\/p>\n                        \n\n                        <\/div>\n                <\/div>\n            <\/div>\n        <\/div>\n    <\/div>\n<\/section>\n\n\n<section class=\"block block-copy block-margin-remove\" style=\"text-align: left\" >\n    <div class=\"container-fluid\">\n        <div class=\"row\">\n                        <div class=\"col-xs-12 col-sm-8 col-sm-offset-2\">\n                <div class=\"box\">\n                    <div class=\"copy editor\"><p><strong>C<\/strong><br \/>\n<a href=\"https:\/\/www.kunsthalle-karlsruhe.de\/fr\/revisions\/glossaire\/le-colonialisme\/\">Le colonialisme<\/a><br \/>\n<a href=\"https:\/\/www.kunsthalle-karlsruhe.de\/fr\/revisions\/glossaire\/construction-sociale\/\">Une construction sociale<\/a><br \/>\nLe culturalisme<\/p>\n                        \n\n                        <\/div>\n                <\/div>\n            <\/div>\n        <\/div>\n    <\/div>\n<\/section>\n\n\n<section class=\"block block-copy block-margin-remove\" style=\"text-align: left\" >\n    <div class=\"container-fluid\">\n        <div class=\"row\">\n                        <div class=\"col-xs-12 col-sm-8 col-sm-offset-2\">\n                <div class=\"box\">\n                    <div class=\"copy editor\"><p><strong>D<br \/>\n<\/strong><a href=\"https:\/\/www.kunsthalle-karlsruhe.de\/fr\/revisions\/glossaire\/la-discrimination\/\">La discrimination<\/a><br \/>\n<a href=\"https:\/\/www.kunsthalle-karlsruhe.de\/fr\/revisions\/glossaire\/la-critique-de-la-discrimination\/\">La critique de la discrimination\u00a0<\/a><\/p>\n                        \n\n                        <\/div>\n                <\/div>\n            <\/div>\n        <\/div>\n    <\/div>\n<\/section>\n\n\n<section class=\"block block-copy block-margin-remove\" style=\"text-align: left\" >\n    <div class=\"container-fluid\">\n        <div class=\"row\">\n                        <div class=\"col-xs-12 col-sm-8 col-sm-offset-2\">\n                <div class=\"box\">\n                    <div class=\"copy editor\"><p><b>E<br \/>\n<\/b><a href=\"https:\/\/www.kunsthalle-karlsruhe.de\/fr\/revisions\/glossaire\/leurocentrisme\/\">L\u2019eurocentrisme<\/a><b><br \/>\n<\/b><\/p>\n                        \n\n                        <\/div>\n                <\/div>\n            <\/div>\n        <\/div>\n    <\/div>\n<\/section>\n\n\n<section class=\"block block-copy block-margin-remove\" style=\"text-align: left\" >\n    <div class=\"container-fluid\">\n        <div class=\"row\">\n                        <div class=\"col-xs-12 col-sm-8 col-sm-offset-2\">\n                <div class=\"box\">\n                    <div class=\"copy editor\"><p><b>I<br \/>\n<\/b><a href=\"https:\/\/www.kunsthalle-karlsruhe.de\/fr\/revisions\/glossaire\/lintersectionnalite\/\">L\u2019intersectionnalit\u00e9<\/a><b><br \/>\n<\/b><\/p>\n                        \n\n                        <\/div>\n                <\/div>\n            <\/div>\n        <\/div>\n    <\/div>\n<\/section>\n\n\n<section class=\"block block-copy block-margin-remove\" style=\"text-align: left\" >\n    <div class=\"container-fluid\">\n        <div class=\"row\">\n                        <div class=\"col-xs-12 col-sm-8 col-sm-offset-2\">\n                <div class=\"box\">\n                    <div class=\"copy editor\"><p><strong>N<br \/>\n<\/strong><a href=\"https:\/\/www.kunsthalle-karlsruhe.de\/fr\/revisions\/glossaire\/noir-et-blanc-des-constructions-sociales\/\">Noir et <em>blanc, <\/em>des constructions sociales<\/a><\/p>\n                        \n\n                        <\/div>\n                <\/div>\n            <\/div>\n        <\/div>\n    <\/div>\n<\/section>\n\n\n<section class=\"block block-copy block-margin-remove\" style=\"text-align: left\" >\n    <div class=\"container-fluid\">\n        <div class=\"row\">\n                        <div class=\"col-xs-12 col-sm-8 col-sm-offset-2\">\n                <div class=\"box\">\n                    <div class=\"copy editor\"><p><strong>O<\/strong><br \/>\n<a href=\"https:\/\/www.kunsthalle-karlsruhe.de\/fr\/revisions\/glossaire\/oriental\/\">\u00ab\u00a0oriental\u00a0\u00bb<\/a><br \/>\n<a href=\"https:\/\/www.kunsthalle-karlsruhe.de\/fr\/revisions\/glossaire\/lorientalisme\/\">L\u2019orientalisme<\/a><\/p>\n                        \n\n                        <\/div>\n                <\/div>\n            <\/div>\n        <\/div>\n    <\/div>\n<\/section>\n\n\n<section class=\"block block-copy block-margin-remove\" style=\"text-align: left\" >\n    <div class=\"container-fluid\">\n        <div class=\"row\">\n                        <div class=\"col-xs-12 col-sm-8 col-sm-offset-2\">\n                <div class=\"box\">\n                    <div class=\"copy editor\"><p><strong>R<\/strong><br \/>\n<a href=\"https:\/\/www.kunsthalle-karlsruhe.de\/fr\/revisions\/glossaire\/le-racisme\/\">Le racisme<\/a><\/p>\n                        \n\n                        <\/div>\n                <\/div>\n            <\/div>\n        <\/div>\n    <\/div>\n<\/section>\n\n\n<section class=\"block block-copy block-margin-remove\" style=\"text-align: left\" >\n    <div class=\"container-fluid\">\n        <div class=\"row\">\n                        <div class=\"col-xs-12 col-sm-8 col-sm-offset-2\">\n                <div class=\"box\">\n                    <div class=\"copy editor\"><p><strong>S<br \/>\n<\/strong><a href=\"https:\/\/www.kunsthalle-karlsruhe.de\/fr\/la-stereotypisation\/\">La st\u00e9r\u00e9otypisation<\/a><\/p>\n                        \n\n                        <\/div>\n                <\/div>\n            <\/div>\n        <\/div>\n    <\/div>\n<\/section>\n\n\n<section class=\"block block-copy block-margin-remove\" style=\"text-align: left\" >\n    <div class=\"container-fluid\">\n        <div class=\"row\">\n                        <div class=\"col-xs-12 col-sm-8 col-sm-offset-2\">\n                <div class=\"box\">\n                    <div class=\"copy editor\"><p><strong>T<\/strong><br \/>\n<a href=\"https:\/\/www.kunsthalle-karlsruhe.de\/fr\/revisions\/glossaire\/guerres-contre-les-turcs\/\">\u00ab\u00a0guerres contre les Turcs\u00a0\u00bb<\/a><\/p>\n                        \n\n                        <\/div>\n                <\/div>\n            <\/div>\n        <\/div>\n    <\/div>\n<\/section>\n\n\n<section class=\"block block-copy\" style=\"text-align: left\" >\n    <div class=\"container-fluid\">\n        <div class=\"row\">\n                        <div class=\"col-xs-12 col-sm-8 col-sm-offset-2\">\n                <div class=\"box\">\n                    <div class=\"copy editor\"><p><strong>V<br \/>\n<\/strong><a href=\"https:\/\/www.kunsthalle-karlsruhe.de\/fr\/revisions\/glossaire\/le-validisme\/\">Le validisme <\/a><\/p>\n                        \n\n                        <\/div>\n                <\/div>\n            <\/div>\n        <\/div>\n    <\/div>\n<\/section>","protected":false},"excerpt":{"rendered":"","protected":false},"author":7,"featured_media":79529,"parent":79225,"menu_order":0,"comment_status":"closed","ping_status":"closed","template":"","meta":{"_acf_changed":false,"_seopress_robots_primary_cat":"","_seopress_titles_title":"","_seopress_titles_desc":"","_seopress_robots_index":"","footnotes":""},"class_list":["post-79616","page","type-page","status-publish","has-post-thumbnail","hentry"],"acf":[],"_links":{"self":[{"href":"https:\/\/www.kunsthalle-karlsruhe.de\/fr\/wp-json\/wp\/v2\/pages\/79616","targetHints":{"allow":["GET"]}}],"collection":[{"href":"https:\/\/www.kunsthalle-karlsruhe.de\/fr\/wp-json\/wp\/v2\/pages"}],"about":[{"href":"https:\/\/www.kunsthalle-karlsruhe.de\/fr\/wp-json\/wp\/v2\/types\/page"}],"author":[{"embeddable":true,"href":"https:\/\/www.kunsthalle-karlsruhe.de\/fr\/wp-json\/wp\/v2\/users\/7"}],"replies":[{"embeddable":true,"href":"https:\/\/www.kunsthalle-karlsruhe.de\/fr\/wp-json\/wp\/v2\/comments?post=79616"}],"version-history":[{"count":3,"href":"https:\/\/www.kunsthalle-karlsruhe.de\/fr\/wp-json\/wp\/v2\/pages\/79616\/revisions"}],"predecessor-version":[{"id":79772,"href":"https:\/\/www.kunsthalle-karlsruhe.de\/fr\/wp-json\/wp\/v2\/pages\/79616\/revisions\/79772"}],"up":[{"embeddable":true,"href":"https:\/\/www.kunsthalle-karlsruhe.de\/fr\/wp-json\/wp\/v2\/pages\/79225"}],"wp:featuredmedia":[{"embeddable":true,"href":"https:\/\/www.kunsthalle-karlsruhe.de\/fr\/wp-json\/wp\/v2\/media\/79529"}],"wp:attachment":[{"href":"https:\/\/www.kunsthalle-karlsruhe.de\/fr\/wp-json\/wp\/v2\/media?parent=79616"}],"curies":[{"name":"wp","href":"https:\/\/api.w.org\/{rel}","templated":true}]}}