{"id":79666,"date":"2025-04-15T19:19:08","date_gmt":"2025-04-15T17:19:08","guid":{"rendered":"https:\/\/www.kunsthalle-karlsruhe.de\/?page_id=79666"},"modified":"2025-04-15T19:19:17","modified_gmt":"2025-04-15T17:19:17","slug":"leurocentrisme","status":"publish","type":"page","link":"https:\/\/www.kunsthalle-karlsruhe.de\/fr\/revisions\/glossaire\/leurocentrisme\/","title":{"rendered":"L\u2019eurocentrisme"},"content":{"rendered":"\n<section class=\"block block-copy\" style=\"text-align: left\" >\n    <div class=\"container-fluid\">\n        <div class=\"row\">\n                            <div class=\"col-xs-12 col-sm-8 col-sm-offset-2\">\n                    <div class=\"box\">\n                        <h2  >L\u2019eurocentrisme<\/h2>                    <\/div>\n                <\/div>\n                        <div class=\"col-xs-12 col-sm-8 col-sm-offset-2\">\n                <div class=\"box\">\n                    <div class=\"copy editor\"><p>L\u2019eurocentrisme d\u00e9crit le jugement d\u00e9pourvu de toute r\u00e9flexion relatif aux cultures non-europ\u00e9ennes, en adoptant un point de vue des valeurs et des normes europ\u00e9ennes. Il consid\u00e8re l\u2019Europe comme le centre sup\u00e9rieur de la pens\u00e9e et de l\u2019action, de la civilisation et de la modernit\u00e9. L\u2019histoire de son d\u00e9veloppement est ainsi envisag\u00e9e comme une r\u00e9f\u00e9rence pour toutes les comparaisons, souvent d\u00e9valorisantes, avec d\u2019autres pays et cultures. Cette mani\u00e8re de penser, \u00e9tablie jadis par les puissances coloniales \u00e0 partir de la Renaissance, conditionne encore aujourd\u2019hui une injuste r\u00e9partition de pouvoir dans le monde \u2013 notamment sous la forme de l\u2019oppression, de l\u2019expansion capitaliste unilat\u00e9rale ainsi que de l\u2019exploitation des ressources et des populations de pays et de continents non-europ\u00e9ens. Cette supr\u00e9matie g\u00e9n\u00e9r\u00e9e par la violence persiste \u00e0 pr\u00e9sent encore dans le maintien de relations commerciales in\u00e9gales ainsi que dans des mod\u00e8les de pens\u00e9e et des attitudes racistes.<\/p>\n                        \n\n                        <\/div>\n                <\/div>\n            <\/div>\n        <\/div>\n    <\/div>\n<\/section>\n\n<section class=\"block block-buttons noprint\" >\n    <div class=\"container-fluid\">\n                <div class=\"row center-xs\">\n            <div class=\"col-xs-12\">\n                <div class=\"box\">\n                                <div>\n                <a href=\"https:\/\/www.kunsthalle-karlsruhe.de\/revisionen\/glossar\/\" title=\"Zum re*visionen Glossar \" class=\"button standard   \" target=\"_self\" >\n                                        <span>Zum re*visionen Glossar <\/span>\n                <\/a>\n                <\/div>\n                <div>\n                <a href=\"https:\/\/www.kunsthalle-karlsruhe.de\/revisionen\/\" title=\"Zur re*visionen \u00dcbersichtsseite\" class=\"button standard   \" target=\"_self\" >\n                                        <span>Zur re*visionen \u00dcbersichtsseite<\/span>\n                <\/a>\n                <\/div>\n    \n\n                    <\/div>\n            <\/div>\n                            <div class=\"col-xs-12\">\n                    <div class=\"box\">\n                        <div>\n                            <a href=\"#\" onclick=\"site.sharer.show(); return false;\" title=\"Seite teilen\" class=\"button standard \" target=\"_self\">Seite teilen<\/a>\n                        <\/div>\n                        <div>\n                            <a href=\"javascript: window.print();\" title=\"Seite drucken\" class=\"button standard \">Seite drucken<\/a>\n                        <\/div>\n                    <\/div>\n                <\/div>\n                    <\/div>\n    <\/div>\n<\/section>\n\n<div class=\"sharer\" id=\"sharer\" aria-hidden=\"true\" style=\"position: fixed\">\n    <div class=\"sharer--content\">\n        <a class=\"sharer-close\" href=\"#\" onclick=\"site.sharer.hide(); return false;\"><\/a>\n        <strong>Seite teilen<\/strong>\n        <table>\n            <tr>\n                <th><a href=\"#\" onclick=\"site.sharer.facebook(); return false;\">Facebook<\/a><\/th>\n                <td><a class=\"sharer--facebook\" href=\"#\" onclick=\"site.sharer.facebook(); return false;\"><\/a><\/td>\n            <\/tr>\n            <tr>\n                <th><a href=\"#\" onclick=\"site.sharer.twitter(); return false;\">X (Twitter)<\/a><\/th>\n                <td><a class=\"sharer--twitter-x\" href=\"#\" onclick=\"site.sharer.twitter(); return false;\"><\/a><\/td>\n            <\/tr>\n            <tr>\n                <th><a href=\"#\" onclick=\"site.sharer.email(); return false;\">E-Mail<\/a><\/th>\n                <td><a class=\"sharer--email\" href=\"#\" onclick=\"site.sharer.email(); return false;\"><\/a><\/td>\n            <\/tr>\n            <tr>\n                <th>\n                    <a href=\"#\" onclick=\"site.sharer.permalink(); return false;\">URL kopieren<\/a>\n                    <h6 class=\"sharer--copy--message\">Die URL wurde erfolgreich kopiert und befindet sich in der Zwischenablage<\/h6>\n                <\/th>\n                <td><a class=\"sharer--permalink\" href=\"#\" onclick=\"site.sharer.permalink(); return false;\"><\/a><\/td>\n            <\/tr>\n                    <\/table>\n    <\/div>\n<\/div>","protected":false},"excerpt":{"rendered":"","protected":false},"author":7,"featured_media":0,"parent":79616,"menu_order":0,"comment_status":"closed","ping_status":"closed","template":"","meta":{"_acf_changed":false,"_seopress_robots_primary_cat":"","_seopress_titles_title":"","_seopress_titles_desc":"","_seopress_robots_index":"","footnotes":""},"class_list":["post-79666","page","type-page","status-publish","hentry"],"acf":[],"_links":{"self":[{"href":"https:\/\/www.kunsthalle-karlsruhe.de\/fr\/wp-json\/wp\/v2\/pages\/79666","targetHints":{"allow":["GET"]}}],"collection":[{"href":"https:\/\/www.kunsthalle-karlsruhe.de\/fr\/wp-json\/wp\/v2\/pages"}],"about":[{"href":"https:\/\/www.kunsthalle-karlsruhe.de\/fr\/wp-json\/wp\/v2\/types\/page"}],"author":[{"embeddable":true,"href":"https:\/\/www.kunsthalle-karlsruhe.de\/fr\/wp-json\/wp\/v2\/users\/7"}],"replies":[{"embeddable":true,"href":"https:\/\/www.kunsthalle-karlsruhe.de\/fr\/wp-json\/wp\/v2\/comments?post=79666"}],"version-history":[{"count":2,"href":"https:\/\/www.kunsthalle-karlsruhe.de\/fr\/wp-json\/wp\/v2\/pages\/79666\/revisions"}],"predecessor-version":[{"id":79686,"href":"https:\/\/www.kunsthalle-karlsruhe.de\/fr\/wp-json\/wp\/v2\/pages\/79666\/revisions\/79686"}],"up":[{"embeddable":true,"href":"https:\/\/www.kunsthalle-karlsruhe.de\/fr\/wp-json\/wp\/v2\/pages\/79616"}],"wp:attachment":[{"href":"https:\/\/www.kunsthalle-karlsruhe.de\/fr\/wp-json\/wp\/v2\/media?parent=79666"}],"curies":[{"name":"wp","href":"https:\/\/api.w.org\/{rel}","templated":true}]}}