{"id":79676,"date":"2025-04-15T19:22:49","date_gmt":"2025-04-15T17:22:49","guid":{"rendered":"https:\/\/www.kunsthalle-karlsruhe.de\/?page_id=79676"},"modified":"2025-04-15T19:23:05","modified_gmt":"2025-04-15T17:23:05","slug":"alterisation","status":"publish","type":"page","link":"https:\/\/www.kunsthalle-karlsruhe.de\/fr\/revisions\/glossaire\/alterisation\/","title":{"rendered":"alt\u00e9risation"},"content":{"rendered":"\n<section class=\"block block-copy\" style=\"text-align: left\" >\n    <div class=\"container-fluid\">\n        <div class=\"row\">\n                            <div class=\"col-xs-12 col-sm-8 col-sm-offset-2\">\n                    <div class=\"box\">\n                        <h2  >alt\u00e9risation<\/h2>                    <\/div>\n                <\/div>\n                        <div class=\"col-xs-12 col-sm-8 col-sm-offset-2\">\n                <div class=\"box\">\n                    <div class=\"copy editor\"><p>Le terme alt\u00e9risation (de l\u2019anglais othering, other = autre) peut \u00eatre traduit par rendre \u00e9tranger ou alt\u00e9rer. Il d\u00e9crit la distanciation et la d\u00e9marcation par rapport \u00e0 d\u2019autres groupes afin d\u2019affirmer sa propre \u2018normalit\u00e9\u2019 suppos\u00e9e. L\u2019alt\u00e9risation est un acte permanent de cat\u00e9gorisation visant \u00e0 faire la distinction entre \u00ab\u00a0nous\u00a0\u00bb et \u00ab\u00a0les autres\u00a0\u00bb. Cette attitude construit des distinctions fondamentales et les associe \u00e0 des jugements hi\u00e9rarchisants \u2013 que ce soit de mani\u00e8re clairement n\u00e9gative (p. ex. moins \u00e9mancip\u00e9, moins tol\u00e9rant, moins \u00e9duqu\u00e9) ou de mani\u00e8re exotissante, en apparence positive (p. ex. originel, proche de la nature, sexuellement et physiquement attirant). Ce m\u00e9canisme sert souvent \u00e0 maintenir des rapports de force sociaux, culturels ou politiques.<\/p>\n                        \n\n                        <\/div>\n                <\/div>\n            <\/div>\n        <\/div>\n    <\/div>\n<\/section>\n\n<section class=\"block block-buttons noprint\" >\n    <div class=\"container-fluid\">\n                <div class=\"row center-xs\">\n            <div class=\"col-xs-12\">\n                <div class=\"box\">\n                                <div>\n                <a href=\"https:\/\/www.kunsthalle-karlsruhe.de\/revisionen\/glossar\/\" title=\"Zum re*visionen Glossar \" class=\"button standard   \" target=\"_self\" >\n                                        <span>Zum re*visionen Glossar <\/span>\n                <\/a>\n                <\/div>\n                <div>\n                <a href=\"https:\/\/www.kunsthalle-karlsruhe.de\/revisionen\/\" title=\"Zur re*visionen \u00dcbersichtsseite\" class=\"button standard   \" target=\"_self\" >\n                                        <span>Zur re*visionen \u00dcbersichtsseite<\/span>\n                <\/a>\n                <\/div>\n    \n\n                    <\/div>\n            <\/div>\n                            <div class=\"col-xs-12\">\n                    <div class=\"box\">\n                        <div>\n                            <a href=\"#\" onclick=\"site.sharer.show(); return false;\" title=\"Seite teilen\" class=\"button standard \" target=\"_self\">Seite teilen<\/a>\n                        <\/div>\n                        <div>\n                            <a href=\"javascript: window.print();\" title=\"Seite drucken\" class=\"button standard \">Seite drucken<\/a>\n                        <\/div>\n                    <\/div>\n                <\/div>\n                    <\/div>\n    <\/div>\n<\/section>\n\n<div class=\"sharer\" id=\"sharer\" aria-hidden=\"true\" style=\"position: fixed\">\n    <div class=\"sharer--content\">\n        <a class=\"sharer-close\" href=\"#\" onclick=\"site.sharer.hide(); return false;\"><\/a>\n        <strong>Seite teilen<\/strong>\n        <table>\n            <tr>\n                <th><a href=\"#\" onclick=\"site.sharer.facebook(); return false;\">Facebook<\/a><\/th>\n                <td><a class=\"sharer--facebook\" href=\"#\" onclick=\"site.sharer.facebook(); return false;\"><\/a><\/td>\n            <\/tr>\n            <tr>\n                <th><a href=\"#\" onclick=\"site.sharer.twitter(); return false;\">X (Twitter)<\/a><\/th>\n                <td><a class=\"sharer--twitter-x\" href=\"#\" onclick=\"site.sharer.twitter(); return false;\"><\/a><\/td>\n            <\/tr>\n            <tr>\n                <th><a href=\"#\" onclick=\"site.sharer.email(); return false;\">E-Mail<\/a><\/th>\n                <td><a class=\"sharer--email\" href=\"#\" onclick=\"site.sharer.email(); return false;\"><\/a><\/td>\n            <\/tr>\n            <tr>\n                <th>\n                    <a href=\"#\" onclick=\"site.sharer.permalink(); return false;\">URL kopieren<\/a>\n                    <h6 class=\"sharer--copy--message\">Die URL wurde erfolgreich kopiert und befindet sich in der Zwischenablage<\/h6>\n                <\/th>\n                <td><a class=\"sharer--permalink\" href=\"#\" onclick=\"site.sharer.permalink(); return false;\"><\/a><\/td>\n            <\/tr>\n                    <\/table>\n    <\/div>\n<\/div>","protected":false},"excerpt":{"rendered":"","protected":false},"author":7,"featured_media":0,"parent":79616,"menu_order":0,"comment_status":"closed","ping_status":"closed","template":"","meta":{"_acf_changed":false,"_seopress_robots_primary_cat":"","_seopress_titles_title":"","_seopress_titles_desc":"","_seopress_robots_index":"","footnotes":""},"class_list":["post-79676","page","type-page","status-publish","hentry"],"acf":[],"_links":{"self":[{"href":"https:\/\/www.kunsthalle-karlsruhe.de\/fr\/wp-json\/wp\/v2\/pages\/79676","targetHints":{"allow":["GET"]}}],"collection":[{"href":"https:\/\/www.kunsthalle-karlsruhe.de\/fr\/wp-json\/wp\/v2\/pages"}],"about":[{"href":"https:\/\/www.kunsthalle-karlsruhe.de\/fr\/wp-json\/wp\/v2\/types\/page"}],"author":[{"embeddable":true,"href":"https:\/\/www.kunsthalle-karlsruhe.de\/fr\/wp-json\/wp\/v2\/users\/7"}],"replies":[{"embeddable":true,"href":"https:\/\/www.kunsthalle-karlsruhe.de\/fr\/wp-json\/wp\/v2\/comments?post=79676"}],"version-history":[{"count":2,"href":"https:\/\/www.kunsthalle-karlsruhe.de\/fr\/wp-json\/wp\/v2\/pages\/79676\/revisions"}],"predecessor-version":[{"id":79694,"href":"https:\/\/www.kunsthalle-karlsruhe.de\/fr\/wp-json\/wp\/v2\/pages\/79676\/revisions\/79694"}],"up":[{"embeddable":true,"href":"https:\/\/www.kunsthalle-karlsruhe.de\/fr\/wp-json\/wp\/v2\/pages\/79616"}],"wp:attachment":[{"href":"https:\/\/www.kunsthalle-karlsruhe.de\/fr\/wp-json\/wp\/v2\/media?parent=79676"}],"curies":[{"name":"wp","href":"https:\/\/api.w.org\/{rel}","templated":true}]}}