{"id":79678,"date":"2025-04-15T19:22:04","date_gmt":"2025-04-15T17:22:04","guid":{"rendered":"https:\/\/www.kunsthalle-karlsruhe.de\/?page_id=79678"},"modified":"2025-04-15T19:22:09","modified_gmt":"2025-04-15T17:22:09","slug":"le-colonialisme","status":"publish","type":"page","link":"https:\/\/www.kunsthalle-karlsruhe.de\/fr\/revisions\/glossaire\/le-colonialisme\/","title":{"rendered":"Le colonialisme"},"content":{"rendered":"\n<section class=\"block block-copy\" style=\"text-align: left\" >\n    <div class=\"container-fluid\">\n        <div class=\"row\">\n                            <div class=\"col-xs-12 col-sm-8 col-sm-offset-2\">\n                    <div class=\"box\">\n                        <h2  >Le colonialisme<\/h2>                    <\/div>\n                <\/div>\n                        <div class=\"col-xs-12 col-sm-8 col-sm-offset-2\">\n                <div class=\"box\">\n                    <div class=\"copy editor\"><p>Le colonialisme d\u00e9signe l\u2019occupation organis\u00e9e au niveau \u00e9tatique d\u2019un territoire et la domination violente de sa population. Entre le XV<sup>e<\/sup> et le XX<sup>e<\/sup> si\u00e8cle, des hommes et des femmes venu.e.s d\u2019Europe, puis des \u00c9tats-Unis, ont colonis\u00e9 une grande partie de l\u2019Afrique, de l\u2019Asie, de l\u2019Am\u00e9rique et de l\u2019Australie afin d\u2019y exploiter les populations et les ressources. Ils ont opprim\u00e9, r\u00e9duit en esclavage et tu\u00e9 les communaut\u00e9s locales, justifiant leurs actes par des id\u00e9ologies racistes invent\u00e9es apr\u00e8s coup et pr\u00f4nant une pr\u00e9tendue sup\u00e9riorit\u00e9. L\u2019Empire allemand avait lui aussi des colonies. Les processus de d\u00e9colonisation ont commenc\u00e9 apr\u00e8s la Seconde Guerre mondiale, mais ont souvent \u00e9t\u00e9 retard\u00e9s par de longues n\u00e9gociations, des r\u00e9sistances politiques ou des conflits violents. De nombreux \u00c9tats europ\u00e9ens ont refus\u00e9 l\u2019ind\u00e9pendance aux r\u00e9gions colonis\u00e9es jusque dans les ann\u00e9es 1970. Les cons\u00e9quences se font encore sentir aujourd\u2019hui sous la forme d\u2019in\u00e9galit\u00e9s structurelles.<\/p>\n                        \n\n                        <\/div>\n                <\/div>\n            <\/div>\n        <\/div>\n    <\/div>\n<\/section>\n\n<section class=\"block block-buttons noprint\" >\n    <div class=\"container-fluid\">\n                <div class=\"row center-xs\">\n            <div class=\"col-xs-12\">\n                <div class=\"box\">\n                                <div>\n                <a href=\"https:\/\/www.kunsthalle-karlsruhe.de\/revisionen\/glossar\/\" title=\"Zum re*visionen Glossar \" class=\"button standard   \" target=\"_self\" >\n                                        <span>Zum re*visionen Glossar <\/span>\n                <\/a>\n                <\/div>\n                <div>\n                <a href=\"https:\/\/www.kunsthalle-karlsruhe.de\/revisionen\/\" title=\"Zur re*visionen \u00dcbersichtsseite\" class=\"button standard   \" target=\"_self\" >\n                                        <span>Zur re*visionen \u00dcbersichtsseite<\/span>\n                <\/a>\n                <\/div>\n    \n\n                    <\/div>\n            <\/div>\n                            <div class=\"col-xs-12\">\n                    <div class=\"box\">\n                        <div>\n                            <a href=\"#\" onclick=\"site.sharer.show(); return false;\" title=\"Seite teilen\" class=\"button standard \" target=\"_self\">Seite teilen<\/a>\n                        <\/div>\n                        <div>\n                            <a href=\"javascript: window.print();\" title=\"Seite drucken\" class=\"button standard \">Seite drucken<\/a>\n                        <\/div>\n                    <\/div>\n                <\/div>\n                    <\/div>\n    <\/div>\n<\/section>\n\n<div class=\"sharer\" id=\"sharer\" aria-hidden=\"true\" style=\"position: fixed\">\n    <div class=\"sharer--content\">\n        <a class=\"sharer-close\" href=\"#\" onclick=\"site.sharer.hide(); return false;\"><\/a>\n        <strong>Seite teilen<\/strong>\n        <table>\n            <tr>\n                <th><a href=\"#\" onclick=\"site.sharer.facebook(); return false;\">Facebook<\/a><\/th>\n                <td><a class=\"sharer--facebook\" href=\"#\" onclick=\"site.sharer.facebook(); return false;\"><\/a><\/td>\n            <\/tr>\n            <tr>\n                <th><a href=\"#\" onclick=\"site.sharer.twitter(); return false;\">X (Twitter)<\/a><\/th>\n                <td><a class=\"sharer--twitter-x\" href=\"#\" onclick=\"site.sharer.twitter(); return false;\"><\/a><\/td>\n            <\/tr>\n            <tr>\n                <th><a href=\"#\" onclick=\"site.sharer.email(); return false;\">E-Mail<\/a><\/th>\n                <td><a class=\"sharer--email\" href=\"#\" onclick=\"site.sharer.email(); return false;\"><\/a><\/td>\n            <\/tr>\n            <tr>\n                <th>\n                    <a href=\"#\" onclick=\"site.sharer.permalink(); return false;\">URL kopieren<\/a>\n                    <h6 class=\"sharer--copy--message\">Die URL wurde erfolgreich kopiert und befindet sich in der Zwischenablage<\/h6>\n                <\/th>\n                <td><a class=\"sharer--permalink\" href=\"#\" onclick=\"site.sharer.permalink(); return false;\"><\/a><\/td>\n            <\/tr>\n                    <\/table>\n    <\/div>\n<\/div>","protected":false},"excerpt":{"rendered":"","protected":false},"author":7,"featured_media":0,"parent":79616,"menu_order":0,"comment_status":"closed","ping_status":"closed","template":"","meta":{"_acf_changed":false,"_seopress_robots_primary_cat":"","_seopress_titles_title":"","_seopress_titles_desc":"","_seopress_robots_index":"","footnotes":""},"class_list":["post-79678","page","type-page","status-publish","hentry"],"acf":[],"_links":{"self":[{"href":"https:\/\/www.kunsthalle-karlsruhe.de\/fr\/wp-json\/wp\/v2\/pages\/79678","targetHints":{"allow":["GET"]}}],"collection":[{"href":"https:\/\/www.kunsthalle-karlsruhe.de\/fr\/wp-json\/wp\/v2\/pages"}],"about":[{"href":"https:\/\/www.kunsthalle-karlsruhe.de\/fr\/wp-json\/wp\/v2\/types\/page"}],"author":[{"embeddable":true,"href":"https:\/\/www.kunsthalle-karlsruhe.de\/fr\/wp-json\/wp\/v2\/users\/7"}],"replies":[{"embeddable":true,"href":"https:\/\/www.kunsthalle-karlsruhe.de\/fr\/wp-json\/wp\/v2\/comments?post=79678"}],"version-history":[{"count":2,"href":"https:\/\/www.kunsthalle-karlsruhe.de\/fr\/wp-json\/wp\/v2\/pages\/79678\/revisions"}],"predecessor-version":[{"id":79692,"href":"https:\/\/www.kunsthalle-karlsruhe.de\/fr\/wp-json\/wp\/v2\/pages\/79678\/revisions\/79692"}],"up":[{"embeddable":true,"href":"https:\/\/www.kunsthalle-karlsruhe.de\/fr\/wp-json\/wp\/v2\/pages\/79616"}],"wp:attachment":[{"href":"https:\/\/www.kunsthalle-karlsruhe.de\/fr\/wp-json\/wp\/v2\/media?parent=79678"}],"curies":[{"name":"wp","href":"https:\/\/api.w.org\/{rel}","templated":true}]}}