{"id":79702,"date":"2025-04-15T19:42:54","date_gmt":"2025-04-15T17:42:54","guid":{"rendered":"https:\/\/www.kunsthalle-karlsruhe.de\/?page_id=79702"},"modified":"2025-04-15T19:42:59","modified_gmt":"2025-04-15T17:42:59","slug":"la-stereotypisation","status":"publish","type":"page","link":"https:\/\/www.kunsthalle-karlsruhe.de\/fr\/revisions\/glossaire\/la-stereotypisation\/","title":{"rendered":"La st\u00e9r\u00e9otypisation"},"content":{"rendered":"\n<section class=\"block block-copy\" style=\"text-align: left\" >\n    <div class=\"container-fluid\">\n        <div class=\"row\">\n                            <div class=\"col-xs-12 col-sm-8 col-sm-offset-2\">\n                    <div class=\"box\">\n                        <h2  >La st\u00e9r\u00e9otypisation<\/h2>                    <\/div>\n                <\/div>\n                        <div class=\"col-xs-12 col-sm-8 col-sm-offset-2\">\n                <div class=\"box\">\n                    <div class=\"copy editor\"><p>La st\u00e9r\u00e9otypisation consiste \u00e0 r\u00e9duire des personnes \u00e0 des caract\u00e9ristiques ou des traits simplifi\u00e9s, souvent bas\u00e9s sur des clich\u00e9s, attribu\u00e9s \u00e0 un groupe particulier, plut\u00f4t que de les consid\u00e9rer comme des individus. Ces attributions g\u00e9n\u00e9ralisatrices peuvent renforcer les pr\u00e9jug\u00e9s et donner lieu \u00e0 des comportements discriminatoires.<\/p>\n                        \n\n                        <\/div>\n                <\/div>\n            <\/div>\n        <\/div>\n    <\/div>\n<\/section>","protected":false},"excerpt":{"rendered":"","protected":false},"author":7,"featured_media":0,"parent":79616,"menu_order":0,"comment_status":"closed","ping_status":"closed","template":"","meta":{"_acf_changed":false,"_seopress_robots_primary_cat":"","_seopress_titles_title":"","_seopress_titles_desc":"","_seopress_robots_index":"","footnotes":""},"class_list":["post-79702","page","type-page","status-publish","hentry"],"acf":[],"_links":{"self":[{"href":"https:\/\/www.kunsthalle-karlsruhe.de\/fr\/wp-json\/wp\/v2\/pages\/79702","targetHints":{"allow":["GET"]}}],"collection":[{"href":"https:\/\/www.kunsthalle-karlsruhe.de\/fr\/wp-json\/wp\/v2\/pages"}],"about":[{"href":"https:\/\/www.kunsthalle-karlsruhe.de\/fr\/wp-json\/wp\/v2\/types\/page"}],"author":[{"embeddable":true,"href":"https:\/\/www.kunsthalle-karlsruhe.de\/fr\/wp-json\/wp\/v2\/users\/7"}],"replies":[{"embeddable":true,"href":"https:\/\/www.kunsthalle-karlsruhe.de\/fr\/wp-json\/wp\/v2\/comments?post=79702"}],"version-history":[{"count":2,"href":"https:\/\/www.kunsthalle-karlsruhe.de\/fr\/wp-json\/wp\/v2\/pages\/79702\/revisions"}],"predecessor-version":[{"id":79737,"href":"https:\/\/www.kunsthalle-karlsruhe.de\/fr\/wp-json\/wp\/v2\/pages\/79702\/revisions\/79737"}],"up":[{"embeddable":true,"href":"https:\/\/www.kunsthalle-karlsruhe.de\/fr\/wp-json\/wp\/v2\/pages\/79616"}],"wp:attachment":[{"href":"https:\/\/www.kunsthalle-karlsruhe.de\/fr\/wp-json\/wp\/v2\/media?parent=79702"}],"curies":[{"name":"wp","href":"https:\/\/api.w.org\/{rel}","templated":true}]}}