{"id":79725,"date":"2025-04-15T19:46:00","date_gmt":"2025-04-15T17:46:00","guid":{"rendered":"https:\/\/www.kunsthalle-karlsruhe.de\/?page_id=79725"},"modified":"2025-04-15T19:46:05","modified_gmt":"2025-04-15T17:46:05","slug":"construction-sociale","status":"publish","type":"page","link":"https:\/\/www.kunsthalle-karlsruhe.de\/fr\/revisions\/glossaire\/construction-sociale\/","title":{"rendered":"construction sociale"},"content":{"rendered":"\n<section class=\"block block-copy\" style=\"text-align: left\" >\n    <div class=\"container-fluid\">\n        <div class=\"row\">\n                            <div class=\"col-xs-12 col-sm-8 col-sm-offset-2\">\n                    <div class=\"box\">\n                        <h2  >construction sociale<\/h2>                    <\/div>\n                <\/div>\n                        <div class=\"col-xs-12 col-sm-8 col-sm-offset-2\">\n                <div class=\"box\">\n                    <div class=\"copy editor\"><p>Une construction sociale est une notion ou une id\u00e9e cr\u00e9\u00e9e par des personnes dans une soci\u00e9t\u00e9, acceptable pour la plupart et consid\u00e9r\u00e9e comme acquise, bien qu\u2019elle n\u2019ait pas de fondement naturel. Elle est le fruit de convictions communes, d\u2019interactions et de processus sociaux. Or, nous contribuons en permanence \u00e0 une red\u00e9finition des distinctions entre personnes, par exemple en nous classant jour apr\u00e8s jour, nous et les autres, dans des cat\u00e9gories. Ces processus r\u00e9duisent la complexit\u00e9 de notre v\u00e9cu et tentent de cr\u00e9er des rep\u00e8res par le fait de simplifier. Mais en m\u00eame temps, ils sont \u00e0 l\u2019origine de st\u00e9r\u00e9otypes, de pr\u00e9jug\u00e9s et d\u2019une in\u00e9galit\u00e9 en termes d\u2019appr\u00e9ciation et de traitement des diff\u00e9rences.<\/p>\n                        \n\n                        <\/div>\n                <\/div>\n            <\/div>\n        <\/div>\n    <\/div>\n<\/section>","protected":false},"excerpt":{"rendered":"","protected":false},"author":7,"featured_media":0,"parent":79616,"menu_order":0,"comment_status":"closed","ping_status":"closed","template":"","meta":{"_acf_changed":false,"_seopress_robots_primary_cat":"","_seopress_titles_title":"","_seopress_titles_desc":"","_seopress_robots_index":"","footnotes":""},"class_list":["post-79725","page","type-page","status-publish","hentry"],"acf":[],"_links":{"self":[{"href":"https:\/\/www.kunsthalle-karlsruhe.de\/fr\/wp-json\/wp\/v2\/pages\/79725","targetHints":{"allow":["GET"]}}],"collection":[{"href":"https:\/\/www.kunsthalle-karlsruhe.de\/fr\/wp-json\/wp\/v2\/pages"}],"about":[{"href":"https:\/\/www.kunsthalle-karlsruhe.de\/fr\/wp-json\/wp\/v2\/types\/page"}],"author":[{"embeddable":true,"href":"https:\/\/www.kunsthalle-karlsruhe.de\/fr\/wp-json\/wp\/v2\/users\/7"}],"replies":[{"embeddable":true,"href":"https:\/\/www.kunsthalle-karlsruhe.de\/fr\/wp-json\/wp\/v2\/comments?post=79725"}],"version-history":[{"count":2,"href":"https:\/\/www.kunsthalle-karlsruhe.de\/fr\/wp-json\/wp\/v2\/pages\/79725\/revisions"}],"predecessor-version":[{"id":79743,"href":"https:\/\/www.kunsthalle-karlsruhe.de\/fr\/wp-json\/wp\/v2\/pages\/79725\/revisions\/79743"}],"up":[{"embeddable":true,"href":"https:\/\/www.kunsthalle-karlsruhe.de\/fr\/wp-json\/wp\/v2\/pages\/79616"}],"wp:attachment":[{"href":"https:\/\/www.kunsthalle-karlsruhe.de\/fr\/wp-json\/wp\/v2\/media?parent=79725"}],"curies":[{"name":"wp","href":"https:\/\/api.w.org\/{rel}","templated":true}]}}