{"id":84952,"date":"2025-10-09T14:59:37","date_gmt":"2025-10-09T12:59:37","guid":{"rendered":"https:\/\/www.kunsthalle-karlsruhe.de\/?page_id=84952"},"modified":"2025-12-12T12:35:34","modified_gmt":"2025-12-12T11:35:34","slug":"kelly-kirchner","status":"publish","type":"page","link":"https:\/\/www.kunsthalle-karlsruhe.de\/fr\/revisions\/kelly-kirchner\/","title":{"rendered":"Natasha A. Kelly: Kirchner"},"content":{"rendered":"\n<section class=\"block block-copy\" style=\"text-align: left\" >\n    <div class=\"container-fluid\">\n        <div class=\"row\">\n                            <div class=\"col-xs-12 col-sm-8 col-sm-offset-2\">\n                    <div class=\"box\">\n                        <h2  class=\"h2\" >R\u00e9vision par Natasha A. Kelly sur Ernst Ludwig Kirchner : Milly, Nelly et Sam, vers 1910\/11<\/h2>                    <\/div>\n                <\/div>\n                        <div class=\"col-xs-12 col-sm-8 col-sm-offset-2\">\n                <div class=\"box\">\n                    <div class=\"copy editor\"><h3>Nous sommes Milli, nous sommes Nelly, nous sommes Sam<\/h3>\n<p>Dresde fr\u00e9mit. Les tramways grincent au loin. Les cal\u00e8ches se rapprochent de nous et cahotent sur les pav\u00e9s mouill\u00e9s. Une odeur de sciure, de b\u00eate et de fum\u00e9e froide flotte sous la coupole. Les voix grossissent, un murmure charg\u00e9 d\u2019anticipation fige l\u2019ambiance. Les tambours retentissent, nous entra\u00eenant dans le man\u00e8ge. Les vibrations se m\u00ealent \u00e0 l\u2019odeur lourde et suave d\u2019un vieux parfum. La lumi\u00e8re \u00e9lectrique vacille, br\u00fble notre peau. Elle nous expose et projette en m\u00eame temps des ombres sombres.<\/p>\n<p>Milly, Nelly et Sam, c\u2019est ainsi qu\u2019il nous appelle tandis que son crayon balaie le papier. Le fusain gratte, les lignes s\u2019enflamment. Son regard s\u2019attarde avidement sur nos corps, sur la tension de nos muscles, sur la lueur de notre sueur, sur le battement de nos veines. Il est f\u00e9brile, comme s\u2019il avait le pouvoir de capturer ce qui l\u2019excite en quelques traits. Chaque \u00e9lan est une ivresse, une qu\u00eate de la primaut\u00e9. Mais il ne nous voit pas. Il ne voit que des contours qu\u2019il inscrit dans son univers.<\/p>\n<p>Nous dansons. Nous rions. Nous transpirons. D\u2019un battement \u00e0 l\u2019autre, d\u2019une mesure \u00e0 la suivante. Mais derri\u00e8re nos rires se cache une v\u00e9rit\u00e9 am\u00e8re : nos corps sont notre capital, nos vies sont depuis longtemps soumises \u00e0 ce rythme. Non pas par passion, mais par n\u00e9cessit\u00e9. Pendant que notre souffle est coup\u00e9, il s\u2019approprie nos mouvements. Nous devenons des lignes, des projections, un fantasme qui n\u2019est pas le n\u00f4tre.<\/p>\n<p>La lumi\u00e8re s\u2019\u00e9teint, le crayon cesse sa course. Mais le spectacle ne s\u2019arr\u00eate pas l\u00e0. Il se poursuit dans les rues, dans les regards, dans les images que nous r\u00e9clame la soci\u00e9t\u00e9 actuelle. Notre danse n\u2019est pas seulement destin\u00e9e au public, elle suit le rythme d\u2019un ordre social qui a depuis longtemps d\u00e9cid\u00e9 qui nous sommes et qui nous pouvons \u00eatre. Progr\u00e8s et grandeur r\u00e9sonnent dans le Reich, les tambours militaires battent plus fort que nos voix. Dans le man\u00e8ge, nous sommes leur \u00e9cho : un spectacle qui assouvit la soif d\u2019\u00e9tranget\u00e9.<\/p>\n<p>Et pendant qu\u2019il dessine, pendant que des traits remplacent nos corps, nous continuons \u00e0 faire entendre nos voix. Doucement peut-\u00eatre, mais sans faiblir. Car nous sommes plus que des ombres sur le papier. Nous sommes Milly, nous sommes Nelly, nous sommes Sam. Nos noms continuent de retentir, notre souffle traverse les \u00e2ges, notre r\u00e9sistance reste bien vive. M\u00eame si l\u2019art nous absorbe, notre existence reste une fissure dans la belle apparence, un murmure dans le vacarme du man\u00e8ge, et n\u2019est pas r\u00e9duite au silence par le dessin expressionniste.<\/p>\n<p>Traduction : Julia Walter<\/p>\n                        \n\n                        <\/div>\n                <\/div>\n            <\/div>\n        <\/div>\n    <\/div>\n<\/section>\n\n<section class=\"block block-media  block-media-medium\" >\n    \n            <div class=\"container-fluid\">\n            <div class=\"row center-xs\">\n                <div class=\"col-xs col-sm-6\">\n                    <div class=\"box play-container external-content-wrapper\">\n                        <div class=\"block-media-wrapper\">\n                            <div id=\"media_69fcb9ebc7e76\">\n                                \t<div class=\"lazy-media\" id=\"media_69fcb9ebc83ec\">\n\t\t<div class=\"lazy-media-wrapper\">\n\t\t\t<div class=\"lazy-media-copyright\">\n\t\t\t\t<div class=\"lazy-media-copyright-content\">\n\t\t\t\t\t\t\t\t\t\t\t<span class=\"lazy-media-copyright-content-empty\" aria-hidden=\"true\" style=\"pointer-events: none; user-select: none;\">&nbsp;<\/span>\n\t\t\t\t\t\t\t\t\t<\/div>\n\t\t\t<\/div>\n\n\t\t\t<div class=\"height-container\"  style=\"padding-bottom:77.239583333333%;\">\n\t\t\t\t<script type=\"application\/json\" class=\"lazy-media-data\">\n\t\t\t\t{\n\t\t\t\t\"sizes\" : {\"medium\":{\"file\":\"kunsthallekarlsruhe-kirchner-milly-sam-nelly-300x232.jpg\",\"width\":300,\"height\":232,\"mime-type\":\"image\\\/jpeg\",\"filesize\":45643},\"large\":{\"file\":\"kunsthallekarlsruhe-kirchner-milly-sam-nelly-1024x791.jpg\",\"width\":1024,\"height\":791,\"mime-type\":\"image\\\/jpeg\",\"filesize\":475034},\"thumbnail\":{\"file\":\"kunsthallekarlsruhe-kirchner-milly-sam-nelly-150x116.jpg\",\"width\":150,\"height\":116,\"mime-type\":\"image\\\/jpeg\",\"filesize\":14001},\"medium_large\":{\"file\":\"kunsthallekarlsruhe-kirchner-milly-sam-nelly-768x593.jpg\",\"width\":768,\"height\":593,\"mime-type\":\"image\\\/jpeg\",\"filesize\":269203},\"1536x1536\":{\"file\":\"kunsthallekarlsruhe-kirchner-milly-sam-nelly-1536x1186.jpg\",\"width\":1536,\"height\":1186,\"mime-type\":\"image\\\/jpeg\",\"filesize\":1013501},\"original\":{\"file\":\"kunsthallekarlsruhe-kirchner-milly-sam-nelly.jpg\",\"width\":1920,\"height\":1483}},\n\t\t\t\t\"path\" : \"\/wp-content\/uploads\/2025\/09\/\",\n\t\t\t\t\"video\" : \"\",\n\t\t\t\t\"autoplay\" : \"\",\n\t\t\t\t\"youtube\" : \"\"\n\t\t\t\t}\n\t\t\t\t<\/script>\n\n\t\t\t\t<div class=\"image-wrapper\" id=\"image_69fcb9ebc83ed\">\n\t\t\t\t\t<img decoding=\"async\" src=\"\" alt=\"Drei Personen mit schwarzer \" title=\"kunsthallekarlsruhe-kirchner-milly-sam-nelly\" \/>\n\t\t\t\t\t<noscript>\n\t\t\t\t\t\t<img decoding=\"async\" src=\"\/wp-content\/uploads\/2025\/09\/kunsthallekarlsruhe-kirchner-milly-sam-nelly.jpg\" alt=\"Drei Personen mit schwarzer \" title=\"kunsthallekarlsruhe-kirchner-milly-sam-nelly\" \/>\n\t\t\t\t\t<\/noscript>\n\n\t\t\t\t\t\t\t\t\t<\/div>\n\n\t\t\t\t\t\t\t<\/div>\n\n\t\t\t\n\t\t\t\t\t<\/div>\n\t<\/div>\n\n                            <\/div>\n\n                            <div class=\"block-media-wrapper-content external-content-play-button\">\n                                <div class=\"container-fluid\">\n                                    <div class=\"row center-xs\">\n                                        <div class=\"col-xs text-align-left\">\n                                                                                                                                <\/div>\n                                    <\/div>\n                                <\/div>\n                            <\/div>\n                        <\/div>\n                    <\/div>\n                <\/div>\n            <\/div>\n        <\/div>\n            <\/section>\n\n\n<section class=\"block block-copy\" style=\"text-align: left\" >\n    <div class=\"container-fluid\">\n        <div class=\"row\">\n                        <div class=\"col-xs-12 col-sm-8 col-sm-offset-2\">\n                <div class=\"box\">\n                    <div class=\"copy editor\"><h3>Natasha A. Kelly<\/h3>\n<p>La professeure Dr Natasha A. Kelly est sp\u00e9cialiste en sciences de la communication et en sociologie, \u00e9crivaine et \u00e9ditrice, curatrice et artiste multim\u00e9dia. Elle a enseign\u00e9 et men\u00e9 des recherches dans de nombreuses universit\u00e9s nationales et internationales, et a \u00e9t\u00e9 professeure invit\u00e9e \u00e0 l\u2019Universit\u00e9 des Arts de Berlin de 2023 \u00e0 2025. Ses \u0153uvres artistiques ont \u00e9t\u00e9 pr\u00e9sent\u00e9es dans le monde entier, notamment \u00e0 la 10e Biennale de Berlin, au Carnegie Hall de New York et au Goethe-Th\u00e9\u00e2tre de Salvador de Bahia, au Br\u00e9sil. Ses publications associent des approches cr\u00e9atives et scientifiques des ontologies, \u00e9pist\u00e9mologies et m\u00e9thodologies noires, et couvrent un large \u00e9ventail allant des perspectives f\u00e9ministes noires aux perspectives afrofuturistes. Depuis octobre 2025, elle est professeure des arts africains mondiaux et directrice artistique et scientifique de l\u2019Iwalewahaus \u00e0 l\u2019Universit\u00e9 de Bayreuth.<\/p>\n<p>Pour en savoir plus sur Natasha A. Kelly, cliquez <a href=\"https:\/\/www.natashaakelly.com\/\">ici<\/a>.<\/p>\n                        \n\n                        <\/div>\n                <\/div>\n            <\/div>\n        <\/div>\n    <\/div>\n<\/section>","protected":false},"excerpt":{"rendered":"","protected":false},"author":284,"featured_media":83886,"parent":79225,"menu_order":0,"comment_status":"closed","ping_status":"closed","template":"","meta":{"_acf_changed":false,"_seopress_robots_primary_cat":"","_seopress_titles_title":"","_seopress_titles_desc":"","_seopress_robots_index":"","footnotes":""},"class_list":["post-84952","page","type-page","status-publish","has-post-thumbnail","hentry"],"acf":[],"_links":{"self":[{"href":"https:\/\/www.kunsthalle-karlsruhe.de\/fr\/wp-json\/wp\/v2\/pages\/84952","targetHints":{"allow":["GET"]}}],"collection":[{"href":"https:\/\/www.kunsthalle-karlsruhe.de\/fr\/wp-json\/wp\/v2\/pages"}],"about":[{"href":"https:\/\/www.kunsthalle-karlsruhe.de\/fr\/wp-json\/wp\/v2\/types\/page"}],"author":[{"embeddable":true,"href":"https:\/\/www.kunsthalle-karlsruhe.de\/fr\/wp-json\/wp\/v2\/users\/284"}],"replies":[{"embeddable":true,"href":"https:\/\/www.kunsthalle-karlsruhe.de\/fr\/wp-json\/wp\/v2\/comments?post=84952"}],"version-history":[{"count":2,"href":"https:\/\/www.kunsthalle-karlsruhe.de\/fr\/wp-json\/wp\/v2\/pages\/84952\/revisions"}],"predecessor-version":[{"id":87782,"href":"https:\/\/www.kunsthalle-karlsruhe.de\/fr\/wp-json\/wp\/v2\/pages\/84952\/revisions\/87782"}],"up":[{"embeddable":true,"href":"https:\/\/www.kunsthalle-karlsruhe.de\/fr\/wp-json\/wp\/v2\/pages\/79225"}],"wp:featuredmedia":[{"embeddable":true,"href":"https:\/\/www.kunsthalle-karlsruhe.de\/fr\/wp-json\/wp\/v2\/media\/83886"}],"wp:attachment":[{"href":"https:\/\/www.kunsthalle-karlsruhe.de\/fr\/wp-json\/wp\/v2\/media?parent=84952"}],"curies":[{"name":"wp","href":"https:\/\/api.w.org\/{rel}","templated":true}]}}